{"id":10042,"date":"2026-02-02T10:52:25","date_gmt":"2026-02-02T09:52:25","guid":{"rendered":""},"modified":"2026-02-12T16:05:30","modified_gmt":"2026-02-12T15:05:30","slug":"kirk-and-sweeney-gran-reserva","status":"publish","type":"product","link":"https:\/\/petitecave.ch\/de\/product\/kirk-and-sweeney-gran-reserva\/","title":{"rendered":"Kirk and Sweeney Gran Reserva 70cl"},"content":{"rendered":"<p><span style=\"color: #000000;\"><strong>Nez :\u00a0<\/strong>Ar\u00f4mes de vanille intense, sur des notes de X\u00e9r\u00e8s et de raisins. Un parfum de canne \u00e0 sucre brul\u00e9e les enrobe progressivement.<\/span><\/p>\n<p><span style=\"color: #000000;\"><strong>Bouche :\u00a0<\/strong>Elle refl\u00e8te la pr\u00e9cision d&rsquo;un vieillissement et d&rsquo;un assemblage expert. Avec des ar\u00f4mes de vanille suivis par les fruits secs, la noix de muscader, la cannelle et le bois de ch\u00eane.<\/span><\/p>\n<p><span style=\"color: #000000;\"><strong>Finale :<\/strong> D&rsquo;une douceur intense ce rhum oscille entre les notes de bois de ch\u00eane, de x\u00e9r\u00e8s et de raisin.<\/span><\/p>","protected":false},"excerpt":{"rendered":"<p><span style=\"color: #000000;\"><strong>Kirk and Sweeney Gran Reserva<\/strong><\/span><\/p>\n<p><span style=\"color: #000000;\"><em>Vieilli dans des f\u00fbts de ch\u00eane am\u00e9ricain en m\u00e9thode Solera.<\/em><\/span><\/p>","protected":false},"featured_media":18579,"comment_status":"open","ping_status":"closed","template":"","meta":[],"product_cat":[272],"product_tag":[],"class_list":{"0":"post-10042","1":"product","2":"type-product","3":"status-publish","4":"has-post-thumbnail","6":"product_cat-rhum","7":"pa_country-republique-dominicaine","8":"pa_type-rhum-traditionnel","9":"pa_type-spiritueux-a-base-de-rhum","10":"pa_volume-75-cl","11":"_wholesalex wsx-wholesalex-product","13":"first","14":"instock","15":"taxable","16":"shipping-taxable","17":"purchasable","18":"product-type-simple"},"_links":{"self":[{"href":"https:\/\/petitecave.ch\/de\/wp-json\/wp\/v2\/product\/10042","targetHints":{"allow":["GET"]}}],"collection":[{"href":"https:\/\/petitecave.ch\/de\/wp-json\/wp\/v2\/product"}],"about":[{"href":"https:\/\/petitecave.ch\/de\/wp-json\/wp\/v2\/types\/product"}],"replies":[{"embeddable":true,"href":"https:\/\/petitecave.ch\/de\/wp-json\/wp\/v2\/comments?post=10042"}],"wp:featuredmedia":[{"embeddable":true,"href":"https:\/\/petitecave.ch\/de\/wp-json\/wp\/v2\/media\/18579"}],"wp:attachment":[{"href":"https:\/\/petitecave.ch\/de\/wp-json\/wp\/v2\/media?parent=10042"}],"wp:term":[{"taxonomy":"product_cat","embeddable":true,"href":"https:\/\/petitecave.ch\/de\/wp-json\/wp\/v2\/product_cat?post=10042"},{"taxonomy":"product_tag","embeddable":true,"href":"https:\/\/petitecave.ch\/de\/wp-json\/wp\/v2\/product_tag?post=10042"}],"curies":[{"name":"wp","href":"https:\/\/api.w.org\/{rel}","templated":true}]}}