{"id":10012,"date":"2025-10-28T10:51:59","date_gmt":"2025-10-28T10:51:59","guid":{"rendered":""},"modified":"2026-02-27T13:53:38","modified_gmt":"2026-02-27T12:53:38","slug":"petite-arvine-tr-sors-de-famille-maison-gilliard","status":"publish","type":"product","link":"https:\/\/petitecave.ch\/de\/product\/petite-arvine-tr-sors-de-famille-maison-gilliard\/","title":{"rendered":"Petite Arvine Tr\u00e9sors de Famille &#8211; Maison Gilliard"},"content":{"rendered":"<p><strong>C\u00e9page :\u00a0<\/strong>Petite Arvine<\/p>\n<p><strong>Nez :\u00a0<\/strong>Floral et fruit\u00e9, sur le citron vert et le pamplemousse<\/p>\n<p><strong>Bouche :\u00a0<\/strong>Belle vivacit\u00e9 avec un joli acidul\u00e9, \u00e9quilibr\u00e9 avec des saveurs finement sal\u00e9es en final<\/p>\n<p><strong>Accompagnement :\u00a0<\/strong>A l&rsquo;ap\u00e9ritif, avec des poissons de mer, des coquillages et des fromages m\u00fbrs<\/p>\n<p><strong>Temps de garde :<\/strong> 8 ans<\/p>","protected":false},"excerpt":{"rendered":"<p><b>Petite Arvine Tr\u00e9sors<\/b><b> de Famille &#8211; Maison Gilliard &#8211; Sion <\/b><\/p>\n<p><i>AOC Valais\u00a0<\/i><\/p>\n<p>\u00a0<\/p>\n<div class=\"woocommerce-product-details__short-description\">\n<p><i>Le plus fin et le plus viril des blancs valaisans compose ici une savante partition, conjuguant une suite d\u2019ar\u00f4mes complexes aux senteurs d\u2019agrumes. Vigoureuse au palais, la Petite Arvine \u00e9merveille par sa d\u00e9licatesse. Elle associe \u00e0 la richesse de ses saveurs des notes jouant sur des contrastes sal\u00e9\/sucr\u00e9.<\/i><\/p>\n<\/div>","protected":false},"featured_media":11311,"comment_status":"open","ping_status":"open","template":"","meta":[],"product_cat":[253],"product_tag":[],"class_list":{"0":"post-10012","1":"product","2":"type-product","3":"status-publish","4":"has-post-thumbnail","6":"product_cat-vins","7":"pa_color-blanc","8":"pa_country-suisse","9":"pa_volume-75-cl","10":"_wholesalex wsx-wholesalex-product","12":"first","13":"instock","14":"taxable","15":"shipping-taxable","16":"purchasable","17":"product-type-simple"},"_links":{"self":[{"href":"https:\/\/petitecave.ch\/de\/wp-json\/wp\/v2\/product\/10012","targetHints":{"allow":["GET"]}}],"collection":[{"href":"https:\/\/petitecave.ch\/de\/wp-json\/wp\/v2\/product"}],"about":[{"href":"https:\/\/petitecave.ch\/de\/wp-json\/wp\/v2\/types\/product"}],"replies":[{"embeddable":true,"href":"https:\/\/petitecave.ch\/de\/wp-json\/wp\/v2\/comments?post=10012"}],"wp:featuredmedia":[{"embeddable":true,"href":"https:\/\/petitecave.ch\/de\/wp-json\/wp\/v2\/media\/11311"}],"wp:attachment":[{"href":"https:\/\/petitecave.ch\/de\/wp-json\/wp\/v2\/media?parent=10012"}],"wp:term":[{"taxonomy":"product_cat","embeddable":true,"href":"https:\/\/petitecave.ch\/de\/wp-json\/wp\/v2\/product_cat?post=10012"},{"taxonomy":"product_tag","embeddable":true,"href":"https:\/\/petitecave.ch\/de\/wp-json\/wp\/v2\/product_tag?post=10012"}],"curies":[{"name":"wp","href":"https:\/\/api.w.org\/{rel}","templated":true}]}}