{"id":743,"date":"2025-12-15T13:40:12","date_gmt":"2025-12-15T12:40:12","guid":{"rendered":"http:\/\/source.wpopal.com\/corino\/contact\/"},"modified":"2026-02-10T14:37:10","modified_gmt":"2026-02-10T13:37:10","slug":"contact","status":"publish","type":"page","link":"https:\/\/petitecave.ch\/de\/contact\/","title":{"rendered":"Contact"},"content":{"rendered":"<div data-elementor-type=\"wp-page\" data-elementor-id=\"743\" class=\"elementor elementor-743\" data-elementor-post-type=\"page\">\n\t\t\t\t<div class=\"elementor-element elementor-element-c8b0e21 e-con-full e-flex e-con e-parent\" data-id=\"c8b0e21\" data-element_type=\"container\" data-e-type=\"container\" data-settings=\"{&quot;background_background&quot;:&quot;classic&quot;}\">\n\t\t<div class=\"elementor-element elementor-element-8dc4641 e-con-full e-flex elementor-invisible e-con e-child\" data-id=\"8dc4641\" data-element_type=\"container\" data-e-type=\"container\" data-settings=\"{&quot;background_background&quot;:&quot;classic&quot;,&quot;animation&quot;:&quot;fadeInLeft&quot;}\">\n\t\t\t\t<div class=\"elementor-element elementor-element-daf1a0b elementor-widget elementor-widget-heading\" data-id=\"daf1a0b\" data-element_type=\"widget\" data-e-type=\"widget\" data-widget_type=\"heading.default\">\n\t\t\t\t\t<h2 class=\"elementor-heading-title elementor-size-default\">NOUS SOMMES L\u00c0 POUR TOI !<\/h2>\t\t\t\t<\/div>\n\t\t\t\t<div class=\"elementor-element elementor-element-1595fd6 elementor-widget elementor-widget-text-editor\" data-id=\"1595fd6\" data-element_type=\"widget\" data-e-type=\"widget\" data-widget_type=\"text-editor.default\">\n\t\t\t\t\t\t\t\t\t<p><span style=\"color: #000000;\">Tu as une question ou tu souhaites une recommandation sur un produit ? Contacte-nous, nous serons heureux de t&rsquo;apporter notre aide.<\/span><\/p>\t\t\t\t\t\t\t\t<\/div>\n\t\t\t\t<div class=\"elementor-element elementor-element-9429105 elementor-align-center elementor-button-default elementor-widget elementor-widget-button\" data-id=\"9429105\" data-element_type=\"widget\" data-e-type=\"widget\" data-widget_type=\"button.default\">\n\t\t\t\t\t\t\t\t\t\t<a class=\"elementor-button elementor-button-link elementor-size-md\" href=\"mailto:info@petitecave.ch?subject=Demande%20d&#039;information\" target=\"_blank\">\n\t\t\t\t\t\t<span class=\"elementor-button-content-wrapper\">\n\t\t\t\t\t\t\t\t\t<span class=\"elementor-button-text\">prendre contact<\/span>\n\t\t\t\t\t<\/span>\n\t\t\t\t\t<\/a>\n\t\t\t\t\t\t\t\t<\/div>\n\t\t\t\t<\/div>\n\t\t\t\t<\/div>\n\t\t<div class=\"elementor-element elementor-element-101996e e-grid e-con-boxed e-con e-parent\" data-id=\"101996e\" data-element_type=\"container\" data-e-type=\"container\">\n\t\t\t\t\t<div class=\"e-con-inner\">\n\t\t\t\t<div class=\"elementor-element elementor-element-3fd4ea4 elementor-widget elementor-widget-text-editor\" data-id=\"3fd4ea4\" data-element_type=\"widget\" data-e-type=\"widget\" data-widget_type=\"text-editor.default\">\n\t\t\t\t\t\t\t\t\t<h5 style=\"text-align: center;\"><span style=\"color: #7690c9;\">Emplacement du magasin<\/span><\/h5><p style=\"text-align: center;\"><span style=\"color: #000000;\"><strong>Zone Industrielle, Pr\u00e9-Loup 7, 1868 Collombey<\/strong><\/span><\/p>\t\t\t\t\t\t\t\t<\/div>\n\t\t\t\t<div class=\"elementor-element elementor-element-3034de6 elementor-widget elementor-widget-text-editor\" data-id=\"3034de6\" data-element_type=\"widget\" data-e-type=\"widget\" data-widget_type=\"text-editor.default\">\n\t\t\t\t\t\t\t\t\t<h5 style=\"text-align: center;\"><span style=\"color: #7690c9;\">Heures d&rsquo;ouverture<\/span><\/h5><p style=\"text-align: center;\"><span style=\"color: #000000;\"><strong>Lundi &#8211; Vendredi\u00a0<br \/>8:45 &#8211; 12:00 | 13:30 -18:30<br \/>Samedi<\/strong><\/span><br \/><span style=\"color: #000000;\"><strong>9:00 &#8211; 17:00<\/strong><\/span><\/p>\t\t\t\t\t\t\t\t<\/div>\n\t\t\t\t<div class=\"elementor-element elementor-element-1fa950c elementor-widget elementor-widget-text-editor\" data-id=\"1fa950c\" data-element_type=\"widget\" data-e-type=\"widget\" data-widget_type=\"text-editor.default\">\n\t\t\t\t\t\t\t\t\t<h5 style=\"text-align: center;\"><span style=\"color: #7690c9;\">Coordonn\u00e9es<\/span><\/h5><p style=\"text-align: center;\"><strong><span style=\"color: #000000;\">T\u00e9l\u00e9phone : +41 24 471 44 21<br \/>Mail : <a href=\"mailto:info@petitecave.ch?subject=Demande%20d'information\" target=\"_blank\" rel=\"noopener\">info@petitecave.ch<\/a><\/span><\/strong><\/p>\t\t\t\t\t\t\t\t<\/div>\n\t\t\t\t\t<\/div>\n\t\t\t\t<\/div>\n\t\t<div class=\"elementor-element elementor-element-3637c85 e-flex e-con-boxed elementor-invisible e-con e-parent\" data-id=\"3637c85\" data-element_type=\"container\" data-e-type=\"container\" data-settings=\"{&quot;animation&quot;:&quot;fadeInUp&quot;}\">\n\t\t\t\t\t<div class=\"e-con-inner\">\n\t\t\t\t<div class=\"elementor-element elementor-element-60b953c elementor-widget elementor-widget-heading\" data-id=\"60b953c\" data-element_type=\"widget\" data-e-type=\"widget\" data-widget_type=\"heading.default\">\n\t\t\t\t\t<h2 class=\"elementor-heading-title elementor-size-default\">Demande d\u2019information<\/h2>\t\t\t\t<\/div>\n\t\t\t\t<div class=\"elementor-element elementor-element-319e83c elementor-widget__width-initial elementor-widget-mobile__width-inherit elementor-widget elementor-widget-text-editor\" data-id=\"319e83c\" data-element_type=\"widget\" data-e-type=\"widget\" data-widget_type=\"text-editor.default\">\n\t\t\t\t\t\t\t\t\t<p><span style=\"color: #000000;\">Pour plus d\u2019informations, envoie-nous un mail \u00e0 <span style=\"color: #23338d;\"><a style=\"color: #23338d;\" href=\"mailto:info@petitecave.ch?subject=Demande%20d'information\" target=\"_blank\" rel=\"noopener\"><strong><span style=\"color: #7690c9;\">info@petitecave.ch<\/span><\/strong><\/a><span style=\"color: #000000;\">,<\/span><\/span> une personne de notre \u00e9quipe te contactera dans les plus brefs d\u00e9lais.<\/span><\/p>\t\t\t\t\t\t\t\t<\/div>\n\t\t\t\t\t<\/div>\n\t\t\t\t<\/div>\n\t\t<div class=\"elementor-element elementor-element-f9ed08a e-flex e-con-boxed e-con e-parent\" data-id=\"f9ed08a\" data-element_type=\"container\" data-e-type=\"container\">\n\t\t\t\t\t<div class=\"e-con-inner\">\n\t\t\t\t<div class=\"elementor-element elementor-element-3986889 elementor-widget elementor-widget-google_maps\" data-id=\"3986889\" data-element_type=\"widget\" data-e-type=\"widget\" data-widget_type=\"google_maps.default\">\n\t\t\t\t\t\t\t<div class=\"elementor-custom-embed\">\n\t\t\t<iframe loading=\"lazy\"\n\t\t\t\t\tsrc=\"https:\/\/maps.google.com\/maps?q=La%20Petite%20Cave%20du%20Chablais&#038;t=m&#038;z=14&#038;output=embed&#038;iwloc=near\"\n\t\t\t\t\ttitle=\"La Petite Cave du Chablais\"\n\t\t\t\t\taria-label=\"La Petite Cave du Chablais\"\n\t\t\t><\/iframe>\n\t\t<\/div>\n\t\t\t\t\t\t<\/div>\n\t\t\t\t\t<\/div>\n\t\t\t\t<\/div>\n\t\t\t\t<\/div>","protected":false},"excerpt":{"rendered":"<p>NOUS SOMMES L\u00c0 POUR TOI ! Tu as une question ou tu souhaites une recommandation sur un produit ? Contacte-nous, nous serons heureux de t&rsquo;apporter notre aide. prendre contact Emplacement du magasin Zone Industrielle, Pr\u00e9-Loup 7, 1868 Collombey Heures d&rsquo;ouverture Lundi &#8211; Vendredi\u00a08:45 &#8211; 12:00 | 13:30 -18:30Samedi9:00 &#8211; 17:00 Coordonn\u00e9es T\u00e9l\u00e9phone : +41 24 [&hellip;]<\/p>\n","protected":false},"author":2,"featured_media":0,"parent":0,"menu_order":0,"comment_status":"closed","ping_status":"closed","template":"template-homepage.php","meta":{"footnotes":""},"class_list":["post-743","page","type-page","status-publish","hentry","_wholesalex wsx-wholesalex-product"],"yoast_head":"<!-- This site is optimized with the Yoast SEO plugin v27.4 - https:\/\/yoast.com\/product\/yoast-seo-wordpress\/ -->\n<title>Contact - La Petite Cave du Chablais<\/title>\n<meta name=\"robots\" content=\"index, follow, max-snippet:-1, max-image-preview:large, max-video-preview:-1\" \/>\n<link rel=\"canonical\" href=\"https:\/\/petitecave.ch\/de\/contact\/\" \/>\n<meta property=\"og:locale\" content=\"de_DE\" \/>\n<meta property=\"og:type\" content=\"article\" \/>\n<meta property=\"og:title\" content=\"Contact - La Petite Cave du Chablais\" \/>\n<meta property=\"og:description\" content=\"NOUS SOMMES L\u00c0 POUR TOI ! Tu as une question ou tu souhaites une recommandation sur un produit ? Contacte-nous, nous serons heureux de t&rsquo;apporter notre aide. prendre contact Emplacement du magasin Zone Industrielle, Pr\u00e9-Loup 7, 1868 Collombey Heures d&rsquo;ouverture Lundi &#8211; Vendredi\u00a08:45 &#8211; 12:00 | 13:30 -18:30Samedi9:00 &#8211; 17:00 Coordonn\u00e9es T\u00e9l\u00e9phone : +41 24 [&hellip;]\" \/>\n<meta property=\"og:url\" content=\"https:\/\/petitecave.ch\/de\/contact\/\" \/>\n<meta property=\"og:site_name\" content=\"La Petite Cave du Chablais\" \/>\n<meta property=\"article:publisher\" content=\"https:\/\/www.facebook.com\/LaPetiteCaveDuChablais\" \/>\n<meta property=\"article:modified_time\" content=\"2026-02-10T13:37:10+00:00\" \/>\n<meta name=\"twitter:card\" content=\"summary_large_image\" \/>\n<script type=\"application\/ld+json\" class=\"yoast-schema-graph\">{\"@context\":\"https:\\\/\\\/schema.org\",\"@graph\":[{\"@type\":\"WebPage\",\"@id\":\"https:\\\/\\\/petitecave.ch\\\/contact\\\/\",\"url\":\"https:\\\/\\\/petitecave.ch\\\/contact\\\/\",\"name\":\"Contact - La Petite Cave du Chablais\",\"isPartOf\":{\"@id\":\"https:\\\/\\\/petitecave.ch\\\/#website\"},\"datePublished\":\"2025-12-15T12:40:12+00:00\",\"dateModified\":\"2026-02-10T13:37:10+00:00\",\"breadcrumb\":{\"@id\":\"https:\\\/\\\/petitecave.ch\\\/contact\\\/#breadcrumb\"},\"inLanguage\":\"de-CH\",\"potentialAction\":[{\"@type\":\"ReadAction\",\"target\":[\"https:\\\/\\\/petitecave.ch\\\/contact\\\/\"]}]},{\"@type\":\"BreadcrumbList\",\"@id\":\"https:\\\/\\\/petitecave.ch\\\/contact\\\/#breadcrumb\",\"itemListElement\":[{\"@type\":\"ListItem\",\"position\":1,\"name\":\"Accueil\",\"item\":\"https:\\\/\\\/petitecave.ch\\\/\"},{\"@type\":\"ListItem\",\"position\":2,\"name\":\"Contact\"}]},{\"@type\":\"WebSite\",\"@id\":\"https:\\\/\\\/petitecave.ch\\\/#website\",\"url\":\"https:\\\/\\\/petitecave.ch\\\/\",\"name\":\"La Petite Cave du Chablais\",\"description\":\"Vins, bi\u00e8res et spiritueux en ligne !\",\"publisher\":{\"@id\":\"https:\\\/\\\/petitecave.ch\\\/#organization\"},\"potentialAction\":[{\"@type\":\"SearchAction\",\"target\":{\"@type\":\"EntryPoint\",\"urlTemplate\":\"https:\\\/\\\/petitecave.ch\\\/?s={search_term_string}\"},\"query-input\":{\"@type\":\"PropertyValueSpecification\",\"valueRequired\":true,\"valueName\":\"search_term_string\"}}],\"inLanguage\":\"de-CH\"},{\"@type\":\"Organization\",\"@id\":\"https:\\\/\\\/petitecave.ch\\\/#organization\",\"name\":\"La Petite Cave du Chablais S\u00e0rl\",\"url\":\"https:\\\/\\\/petitecave.ch\\\/\",\"logo\":{\"@type\":\"ImageObject\",\"inLanguage\":\"de-CH\",\"@id\":\"https:\\\/\\\/petitecave.ch\\\/#\\\/schema\\\/logo\\\/image\\\/\",\"url\":\"https:\\\/\\\/petitecave.ch\\\/wp-content\\\/uploads\\\/2025\\\/10\\\/cropped-petitecavelogo-removebg-preview.png\",\"contentUrl\":\"https:\\\/\\\/petitecave.ch\\\/wp-content\\\/uploads\\\/2025\\\/10\\\/cropped-petitecavelogo-removebg-preview.png\",\"width\":703,\"height\":121,\"caption\":\"La Petite Cave du Chablais S\u00e0rl\"},\"image\":{\"@id\":\"https:\\\/\\\/petitecave.ch\\\/#\\\/schema\\\/logo\\\/image\\\/\"},\"sameAs\":[\"https:\\\/\\\/www.facebook.com\\\/LaPetiteCaveDuChablais\",\"https:\\\/\\\/www.instagram.com\\\/lapetitecaveduchablais\",\"https:\\\/\\\/www.linkedin.com\\\/company\\\/la-petite-cave-du-chablais\"]}]}<\/script>\n<!-- \/ Yoast SEO plugin. -->","yoast_head_json":{"title":"Contact - La Petite Cave du Chablais","robots":{"index":"index","follow":"follow","max-snippet":"max-snippet:-1","max-image-preview":"max-image-preview:large","max-video-preview":"max-video-preview:-1"},"canonical":"https:\/\/petitecave.ch\/de\/contact\/","og_locale":"de_DE","og_type":"article","og_title":"Contact - La Petite Cave du Chablais","og_description":"NOUS SOMMES L\u00c0 POUR TOI ! Tu as une question ou tu souhaites une recommandation sur un produit ? Contacte-nous, nous serons heureux de t&rsquo;apporter notre aide. prendre contact Emplacement du magasin Zone Industrielle, Pr\u00e9-Loup 7, 1868 Collombey Heures d&rsquo;ouverture Lundi &#8211; Vendredi\u00a08:45 &#8211; 12:00 | 13:30 -18:30Samedi9:00 &#8211; 17:00 Coordonn\u00e9es T\u00e9l\u00e9phone : +41 24 [&hellip;]","og_url":"https:\/\/petitecave.ch\/de\/contact\/","og_site_name":"La Petite Cave du Chablais","article_publisher":"https:\/\/www.facebook.com\/LaPetiteCaveDuChablais","article_modified_time":"2026-02-10T13:37:10+00:00","twitter_card":"summary_large_image","schema":{"@context":"https:\/\/schema.org","@graph":[{"@type":"WebPage","@id":"https:\/\/petitecave.ch\/contact\/","url":"https:\/\/petitecave.ch\/contact\/","name":"Contact - La Petite Cave du Chablais","isPartOf":{"@id":"https:\/\/petitecave.ch\/#website"},"datePublished":"2025-12-15T12:40:12+00:00","dateModified":"2026-02-10T13:37:10+00:00","breadcrumb":{"@id":"https:\/\/petitecave.ch\/contact\/#breadcrumb"},"inLanguage":"de-CH","potentialAction":[{"@type":"ReadAction","target":["https:\/\/petitecave.ch\/contact\/"]}]},{"@type":"BreadcrumbList","@id":"https:\/\/petitecave.ch\/contact\/#breadcrumb","itemListElement":[{"@type":"ListItem","position":1,"name":"Accueil","item":"https:\/\/petitecave.ch\/"},{"@type":"ListItem","position":2,"name":"Contact"}]},{"@type":"WebSite","@id":"https:\/\/petitecave.ch\/#website","url":"https:\/\/petitecave.ch\/","name":"La Petite Cave du Chablais","description":"Vins, bi\u00e8res et spiritueux en ligne !","publisher":{"@id":"https:\/\/petitecave.ch\/#organization"},"potentialAction":[{"@type":"SearchAction","target":{"@type":"EntryPoint","urlTemplate":"https:\/\/petitecave.ch\/?s={search_term_string}"},"query-input":{"@type":"PropertyValueSpecification","valueRequired":true,"valueName":"search_term_string"}}],"inLanguage":"de-CH"},{"@type":"Organization","@id":"https:\/\/petitecave.ch\/#organization","name":"La Petite Cave du Chablais S\u00e0rl","url":"https:\/\/petitecave.ch\/","logo":{"@type":"ImageObject","inLanguage":"de-CH","@id":"https:\/\/petitecave.ch\/#\/schema\/logo\/image\/","url":"https:\/\/petitecave.ch\/wp-content\/uploads\/2025\/10\/cropped-petitecavelogo-removebg-preview.png","contentUrl":"https:\/\/petitecave.ch\/wp-content\/uploads\/2025\/10\/cropped-petitecavelogo-removebg-preview.png","width":703,"height":121,"caption":"La Petite Cave du Chablais S\u00e0rl"},"image":{"@id":"https:\/\/petitecave.ch\/#\/schema\/logo\/image\/"},"sameAs":["https:\/\/www.facebook.com\/LaPetiteCaveDuChablais","https:\/\/www.instagram.com\/lapetitecaveduchablais","https:\/\/www.linkedin.com\/company\/la-petite-cave-du-chablais"]}]}},"_links":{"self":[{"href":"https:\/\/petitecave.ch\/de\/wp-json\/wp\/v2\/pages\/743","targetHints":{"allow":["GET"]}}],"collection":[{"href":"https:\/\/petitecave.ch\/de\/wp-json\/wp\/v2\/pages"}],"about":[{"href":"https:\/\/petitecave.ch\/de\/wp-json\/wp\/v2\/types\/page"}],"author":[{"embeddable":true,"href":"https:\/\/petitecave.ch\/de\/wp-json\/wp\/v2\/users\/2"}],"replies":[{"embeddable":true,"href":"https:\/\/petitecave.ch\/de\/wp-json\/wp\/v2\/comments?post=743"}],"version-history":[{"count":72,"href":"https:\/\/petitecave.ch\/de\/wp-json\/wp\/v2\/pages\/743\/revisions"}],"predecessor-version":[{"id":18777,"href":"https:\/\/petitecave.ch\/de\/wp-json\/wp\/v2\/pages\/743\/revisions\/18777"}],"wp:attachment":[{"href":"https:\/\/petitecave.ch\/de\/wp-json\/wp\/v2\/media?parent=743"}],"curies":[{"name":"wp","href":"https:\/\/api.w.org\/{rel}","templated":true}]}}