{"id":19401,"date":"2026-04-16T11:51:45","date_gmt":"2026-04-16T09:51:45","guid":{"rendered":"https:\/\/petitecave.ch\/?page_id=19401"},"modified":"2026-04-16T12:15:43","modified_gmt":"2026-04-16T10:15:43","slug":"livraison-horeca","status":"publish","type":"page","link":"https:\/\/petitecave.ch\/de\/livraison-horeca\/","title":{"rendered":"CONDITIONS G\u00c9N\u00c9RALES DE VENTE \u00ab\u00a0HORECA\u00a0\u00bb"},"content":{"rendered":"<h2 class=\"wp-block-heading\"><strong>CONDITIONS G\u00c9N\u00c9RALES DE VENTE \u00ab&nbsp;HORECA&nbsp;\u00bb<\/strong><\/h2>\n\n\n\n<p><strong>CHAMP D\u2019APPLICATION<br><\/strong>Toute commande implique l\u2019acceptation des pr\u00e9sentes Conditions G\u00e9n\u00e9rales de Vente. Elles s\u2019appliquent \u00e0 l\u2019ensemble des livraisons et prestations de la Petite Cave du Chablais S\u00e0rl.<\/p>\n\n\n\n<hr class=\"wp-block-separator has-text-color has-black-color has-alpha-channel-opacity has-black-background-color has-background is-style-wide\"\/>\n\n\n\n<p><strong><strong>TVA (les prix s&rsquo;entendent TVA exclue)<\/strong><\/strong><\/p>\n\n\n\n<ul class=\"wp-block-list\">\n<li>TVA sur les boissons sans alcool&nbsp;: 2.6 % &nbsp;&nbsp;&nbsp;&nbsp;&nbsp;&nbsp;&nbsp;&nbsp;&nbsp;&nbsp;&nbsp;&nbsp;&nbsp;&nbsp;<\/li>\n\n\n\n<li>TVA sur les boissons alcoolis\u00e9es&nbsp;: 8.1 %<\/li>\n\n\n\n<li>TVA sur les emballages\/consignes&nbsp;: 0 %<\/li>\n<\/ul>\n\n\n\n<hr class=\"wp-block-separator has-text-color has-black-color has-alpha-channel-opacity has-black-background-color has-background is-style-wide\"\/>\n\n\n\n<p><strong>COMMANDES<br><\/strong>Toute commande transmise par \u00e9crit, courriel, t\u00e9l\u00e9phone, message \u00e9lectronique ou remise au repr\u00e9sentant du fournisseur est consid\u00e9r\u00e9e comme valable et engage le client.<\/p>\n\n\n\n<hr class=\"wp-block-separator has-text-color has-black-color has-alpha-channel-opacity has-black-background-color has-background is-style-wide\"\/>\n\n\n\n<p><strong>LIVRAISON<\/strong><br>Montant minimum de commande CHF 300. &#8211; HT\/ participation aux frais de RPLP CHF 12.50 HT\/livraison<\/p>\n\n\n\n<p>Les livraisons sont effectu\u00e9es, dans la mesure du possible, selon les tourn\u00e9es et jours de livraison de la Petite Cave du Chablais S\u00e0rl. Les horaires ne peuvent \u00eatre garantis de mani\u00e8re stricte.<\/p>\n\n\n\n<p>Sauf autorisation pr\u00e9alable de d\u00e9p\u00f4t, la livraison ne peut \u00eatre effectu\u00e9e qu\u2019en pr\u00e9sence d\u2019un repr\u00e9sentant du client habilit\u00e9 \u00e0 r\u00e9ceptionner la marchandise. \u00c0 d\u00e9faut, la marchandise pourra \u00eatre reprise et la livraison report\u00e9e \u00e0 la prochaine tourn\u00e9e planifi\u00e9e.<\/p>\n\n\n\n<p>En cas d\u2019autorisation de d\u00e9p\u00f4t, la livraison est r\u00e9put\u00e9e effectu\u00e9e d\u00e8s le d\u00e9p\u00f4t au lieu convenu. Une preuve photographique horodat\u00e9e peut \u00eatre conserv\u00e9e comme justificatif. Aucun rabais, retour et refus de paiement ne sera accept\u00e9 sur la base de contestation ult\u00e9rieure non fond\u00e9e ou hors d\u00e9lai.<\/p>\n\n\n\n<hr class=\"wp-block-separator has-text-color has-black-color has-alpha-channel-opacity has-black-background-color has-background is-style-wide\"\/>\n\n\n\n<p><strong>CONTR\u00d4LE DE LA MARCHANDISE<br><\/strong>Le client s\u2019engage \u00e0 v\u00e9rifier la marchandise imm\u00e9diatement apr\u00e8s r\u00e9ception et \u00e0 signaler toute erreur ou d\u00e9faut par \u00e9crit dans un d\u00e9lai maximum de 48 heures. Pass\u00e9 ce d\u00e9lai, la livraison est r\u00e9put\u00e9e conforme et accept\u00e9e.<\/p>\n\n\n\n<hr class=\"wp-block-separator has-text-color has-black-color has-alpha-channel-opacity has-black-background-color has-background is-style-wide\"\/>\n\n\n\n<p><strong>CONDITIONS DE PAIEMENT<\/strong><br>5% + 3% au comptant \u00e0 notre magasin<br>5% \u00e0 10 jours<br>NET \u00e0 30 jours<\/p>\n\n\n\n<p><strong>Encavage<\/strong>&nbsp;: 40% du montant net \u00e0 30 jours\/ 30% du montant net \u00e0 60 jours \/ 30% du montant net \u00e0 90 jours<\/p>\n\n\n\n<hr class=\"wp-block-separator has-text-color has-black-color has-alpha-channel-opacity has-black-background-color has-background is-style-wide\"\/>\n\n\n\n<p><strong>PRIX ET PAIEMENTS<\/strong><br>Nos prix sont bruts et ne tiennent pas compte des actions et promotions ainsi que d\u2019\u00e9ventuelles conditions sp\u00e9ciales. Tous les prix s&rsquo;entendent par unit\u00e9, bouteille, bonbonne, carton\/pack ou f\u00fbt <strong>hors taxes<\/strong>.<\/p>\n\n\n\n<p>Les prix peuvent \u00eatre adapt\u00e9s en cas de hausse des prix fournisseurs ou des co\u00fbts d\u2019approvisionnement.<br>Sauf accord contraire, les factures sont payables dans le d\u00e9lai convenu. Le client s\u2019engage en outre \u00e0 ne pas d\u00e9passer la limite de cr\u00e9dit convenue. \u00c0 d\u00e9faut de paiement \u00e0 l\u2019\u00e9ch\u00e9ance, un int\u00e9r\u00eat moratoire de 5 % l\u2019an sera factur\u00e9 ainsi que des frais de rappel. La Petite Cave du Chablais S\u00e0rl se r\u00e9serve le droit d\u2019exiger un paiement comptant des livraisons ou un acompte \u00e0 tout moment.<\/p>\n\n\n\n<hr class=\"wp-block-separator has-text-color has-black-color has-alpha-channel-opacity has-black-background-color has-background is-style-wide\"\/>\n\n\n\n<p><strong>SOLVABILIT\u00c9<br><\/strong>La Petite Cave du Chablais S\u00e0rl se r\u00e9serve le droit de proc\u00e9der \u00e0 une v\u00e9rification de solvabilit\u00e9 aupr\u00e8s d\u2019organismes sp\u00e9cialis\u00e9s. <strong>Durant cette v\u00e9rification, les livraisons peuvent \u00eatre effectu\u00e9es au comptant uniquement.<\/strong> Selon le r\u00e9sultat, le fournisseur peut accorder ou refuser la livraison sur facture. Le montant total des factures ouvertes ne doit pas exc\u00e9der CHF 2&rsquo;000,&#8211;. Le client accepte express\u00e9ment cette v\u00e9rification.<\/p>\n\n\n\n<hr class=\"wp-block-separator has-text-color has-black-color has-alpha-channel-opacity has-black-background-color has-background is-style-wide\"\/>\n\n\n\n<p><strong>COMMANDES \u00c9V\u00c9NEMENTIELLES<br><\/strong>Pour les commandes li\u00e9es \u00e0 des manifestations, buvettes, \u00e9v\u00e9nements temporaires ou installations saisonni\u00e8res, le client reste responsable du paiement int\u00e9gral des marchandises livr\u00e9es, ind\u00e9pendamment du succ\u00e8s commercial de l\u2019\u00e9v\u00e9nement ou des conditions m\u00e9t\u00e9orologiques.<\/p>\n\n\n\n<hr class=\"wp-block-separator has-text-color has-black-color has-alpha-channel-opacity has-black-background-color has-background is-style-wide\"\/>\n\n\n\n<p><strong>MARCHANDISES, EMBALLAGES CONSIGN\u00c9S ET MAT\u00c9RIEL<br><\/strong>Toutes les marchandises livr\u00e9es demeurent la propri\u00e9t\u00e9 exclusive de la Petite Cave du Chablais S\u00e0rl jusqu\u2019au paiement int\u00e9gral de toutes les cr\u00e9ances issues de la relation commerciale.<br>Les emballages consign\u00e9s, f\u00fbts, palettes, installations de tirage, r\u00e9frig\u00e9rateurs ou tout autre mat\u00e9riel pr\u00eat\u00e9, lou\u00e9 ou mis \u00e0 disposition restent la propri\u00e9t\u00e9 exclusive de la Petite Cave du Chablais S\u00e0rl.<\/p>\n\n\n\n<p>Le client en assume la garde et les risques d\u00e8s la livraison.<br>Toute perte, d\u00e9t\u00e9rioration, non-restitution ou utilisation abusive donnera lieu \u00e0 facturation \u00e0 la valeur de remplacement, sans pr\u00e9judice d\u2019\u00e9ventuels dommages-int\u00e9r\u00eats suppl\u00e9mentaires.<\/p>\n\n\n\n<hr class=\"wp-block-separator has-text-color has-black-color has-alpha-channel-opacity has-black-background-color has-background is-style-wide\"\/>\n\n\n\n<p><strong>TRANSFERT DE RISQUE<\/strong><br>D\u00e8s la livraison sur site, les risques li\u00e9s au stockage, au vol, \u00e0 la d\u00e9t\u00e9rioration ou \u00e0 la perte des marchandises sont transf\u00e9r\u00e9s au client, m\u00eame en cas de d\u00e9p\u00f4t autoris\u00e9.<\/p>\n\n\n\n<hr class=\"wp-block-separator has-text-color has-black-color has-alpha-channel-opacity has-black-background-color has-background is-style-wide\"\/>\n\n\n\n<p><strong>RETOURS DE CONSIGNES<\/strong><br><strong>Consignes :\u00a0<\/strong><br>Bouteilles de 18 cl \u00e0 100 cl : Fr. 0.30 \u00e0 Fr. 0.50<br>Bouteilles fermeture m\u00e9canique : Fr. 0.50 \u00e0 1.00<br>Harasses \/ Caisses : Fr. 5.00<br>Petits F\u00fbts 6L : Fr. 5.00<br>F\u00fbts : Fr. 50.00<br>Bonbonnes de gaz : Fr. 100.00<br>Palettes : Fr. 12.00<br>Bonbonne eau Fr. 10.00<\/p>\n\n\n\n<p>Les consignes vides telles que bouteilles, harasses, f\u00fbts et bonbonnes sont reprises lors des livraisons&nbsp;; le montant \u00e9quivalent \u00e0 cette reprise est d\u00e9duit sur la facture du client par le livreur.<\/p>\n\n\n\n<hr class=\"wp-block-separator has-text-color has-black-color has-alpha-channel-opacity has-black-background-color has-background is-style-wide\"\/>\n\n\n\n<p><strong>CONTINUIT\u00c9 DES OBLIGATIONS<br><\/strong>Les obligations de paiement demeurent dues ind\u00e9pendamment d\u2019un changement de g\u00e9rant, d\u2019exploitant, de raison sociale, de forme juridique ou d\u2019une cessation d\u2019activit\u00e9.<\/p>\n\n\n\n<hr class=\"wp-block-separator has-text-color has-black-color has-alpha-channel-opacity has-black-background-color has-background is-style-wide\"\/>\n\n\n\n<p><strong>FORCE MAJEURE<\/strong><br>La Petite Cave du Chablais S\u00e0rl ne peut \u00eatre tenue responsable de tout retard ou impossibilit\u00e9 de livraison r\u00e9sultant d\u2019un cas de force majeure (intemp\u00e9ries, gr\u00e8ve, rupture d\u2019approvisionnement, panne, d\u00e9cision administrative, etc.).<\/p>\n\n\n\n<hr class=\"wp-block-separator has-text-color has-black-color has-alpha-channel-opacity has-black-background-color has-background is-style-wide\"\/>\n\n\n\n<p><strong>RESPONSABILIT\u00c9<\/strong><em><br><\/em>La responsabilit\u00e9 de la Petite Cave du Chablais S\u00e0rl est limit\u00e9e au montant de la marchandise concern\u00e9e. Toute responsabilit\u00e9 pour des dommages indirects ou cons\u00e9cutifs est exclue.<\/p>\n\n\n\n<hr class=\"wp-block-separator has-text-color has-black-color has-alpha-channel-opacity has-black-background-color has-background is-style-wide\"\/>\n\n\n\n<p><strong>PROTECTION DES DONN\u00c9ES<\/strong><br>Les donn\u00e9es du client sont trait\u00e9es conform\u00e9ment \u00e0 la l\u00e9gislation suisse sur la protection des donn\u00e9es.<\/p>\n\n\n\n<hr class=\"wp-block-separator has-text-color has-black-color has-alpha-channel-opacity has-black-background-color has-background is-style-wide\"\/>\n\n\n\n<p><strong>DROIT APPLICABLE<br><\/strong>Le droit suisse est applicable. Le for juridique est au si\u00e8ge de la Petite Cave du Chablais S\u00e0rl, sauf disposition l\u00e9gale imp\u00e9rative contraire.<\/p>\n\n\n\n<p><strong>VALABLES D\u00c8S LE 1<sup>er<\/sup> MAI 2026<\/strong><\/p>\n\n\n\n<p><\/p>","protected":false},"excerpt":{"rendered":"<p>CONDITIONS G\u00c9N\u00c9RALES DE VENTE \u00ab&nbsp;HORECA&nbsp;\u00bb CHAMP D\u2019APPLICATIONToute commande implique l\u2019acceptation des pr\u00e9sentes Conditions G\u00e9n\u00e9rales de Vente. Elles s\u2019appliquent \u00e0 l\u2019ensemble des livraisons et prestations de la Petite Cave du Chablais S\u00e0rl. TVA (les prix s&rsquo;entendent TVA exclue) COMMANDESToute commande transmise par \u00e9crit, courriel, t\u00e9l\u00e9phone, message \u00e9lectronique ou remise au repr\u00e9sentant du fournisseur est consid\u00e9r\u00e9e comme [&hellip;]<\/p>\n","protected":false},"author":2,"featured_media":0,"parent":0,"menu_order":0,"comment_status":"closed","ping_status":"closed","template":"","meta":{"footnotes":""},"class_list":["post-19401","page","type-page","status-publish","hentry","_wholesalex wsx-wholesalex-product"],"yoast_head":"<!-- This site is optimized with the Yoast SEO plugin v27.4 - https:\/\/yoast.com\/product\/yoast-seo-wordpress\/ -->\n<title>CONDITIONS G\u00c9N\u00c9RALES DE VENTE \u00ab\u00a0HORECA\u00a0\u00bb | La Petite Cave du Chablais<\/title>\n<meta name=\"robots\" content=\"noindex, nofollow\" \/>\n<meta property=\"og:locale\" content=\"de_DE\" \/>\n<meta property=\"og:type\" content=\"article\" \/>\n<meta property=\"og:title\" content=\"CONDITIONS G\u00c9N\u00c9RALES DE VENTE \u00ab\u00a0HORECA\u00a0\u00bb | La Petite Cave du Chablais\" \/>\n<meta property=\"og:description\" content=\"CONDITIONS G\u00c9N\u00c9RALES DE VENTE \u00ab&nbsp;HORECA&nbsp;\u00bb CHAMP D\u2019APPLICATIONToute commande implique l\u2019acceptation des pr\u00e9sentes Conditions G\u00e9n\u00e9rales de Vente. Elles s\u2019appliquent \u00e0 l\u2019ensemble des livraisons et prestations de la Petite Cave du Chablais S\u00e0rl. TVA (les prix s&rsquo;entendent TVA exclue) COMMANDESToute commande transmise par \u00e9crit, courriel, t\u00e9l\u00e9phone, message \u00e9lectronique ou remise au repr\u00e9sentant du fournisseur est consid\u00e9r\u00e9e comme [&hellip;]\" \/>\n<meta property=\"og:url\" content=\"https:\/\/petitecave.ch\/de\/livraison-horeca\/\" \/>\n<meta property=\"og:site_name\" content=\"La Petite Cave du Chablais\" \/>\n<meta property=\"article:publisher\" content=\"https:\/\/www.facebook.com\/LaPetiteCaveDuChablais\" \/>\n<meta property=\"article:modified_time\" content=\"2026-04-16T10:15:43+00:00\" \/>\n<meta property=\"og:image\" content=\"https:\/\/petitecave.ch\/wp-content\/uploads\/2025\/10\/petitecavelogo-removebg-preview.png\" \/>\n\t<meta property=\"og:image:width\" content=\"800\" \/>\n\t<meta property=\"og:image:height\" content=\"200\" \/>\n\t<meta property=\"og:image:type\" content=\"image\/png\" \/>\n<meta name=\"twitter:card\" content=\"summary_large_image\" \/>\n<meta name=\"twitter:label1\" content=\"Gesch\u00e4tzte Lesezeit\" \/>\n\t<meta name=\"twitter:data1\" content=\"5\u00a0Minuten\" \/>\n<script type=\"application\/ld+json\" class=\"yoast-schema-graph\">{\"@context\":\"https:\\\/\\\/schema.org\",\"@graph\":[{\"@type\":\"WebPage\",\"@id\":\"https:\\\/\\\/petitecave.ch\\\/livraison-horeca\\\/\",\"url\":\"https:\\\/\\\/petitecave.ch\\\/livraison-horeca\\\/\",\"name\":\"CONDITIONS G\u00c9N\u00c9RALES DE VENTE \u00ab\u00a0HORECA\u00a0\u00bb | La Petite Cave du Chablais\",\"isPartOf\":{\"@id\":\"https:\\\/\\\/petitecave.ch\\\/de\\\/#website\"},\"datePublished\":\"2026-04-16T09:51:45+00:00\",\"dateModified\":\"2026-04-16T10:15:43+00:00\",\"breadcrumb\":{\"@id\":\"https:\\\/\\\/petitecave.ch\\\/livraison-horeca\\\/#breadcrumb\"},\"inLanguage\":\"de-CH\",\"potentialAction\":[{\"@type\":\"ReadAction\",\"target\":[\"https:\\\/\\\/petitecave.ch\\\/livraison-horeca\\\/\"]}]},{\"@type\":\"BreadcrumbList\",\"@id\":\"https:\\\/\\\/petitecave.ch\\\/livraison-horeca\\\/#breadcrumb\",\"itemListElement\":[{\"@type\":\"ListItem\",\"position\":1,\"name\":\"Accueil\",\"item\":\"https:\\\/\\\/petitecave.ch\\\/de\\\/\"},{\"@type\":\"ListItem\",\"position\":2,\"name\":\"CONDITIONS G\u00c9N\u00c9RALES DE VENTE \u00ab\u00a0HORECA\u00a0\u00bb\"}]},{\"@type\":\"WebSite\",\"@id\":\"https:\\\/\\\/petitecave.ch\\\/de\\\/#website\",\"url\":\"https:\\\/\\\/petitecave.ch\\\/de\\\/\",\"name\":\"La Petite Cave du Chablais\",\"description\":\"Vins, bi\u00e8res et spiritueux en ligne !\",\"publisher\":{\"@id\":\"https:\\\/\\\/petitecave.ch\\\/de\\\/#organization\"},\"alternateName\":\"La Petite Cave\",\"potentialAction\":[{\"@type\":\"SearchAction\",\"target\":{\"@type\":\"EntryPoint\",\"urlTemplate\":\"https:\\\/\\\/petitecave.ch\\\/de\\\/?s={search_term_string}\"},\"query-input\":{\"@type\":\"PropertyValueSpecification\",\"valueRequired\":true,\"valueName\":\"search_term_string\"}}],\"inLanguage\":\"de-CH\"},{\"@type\":\"Organization\",\"@id\":\"https:\\\/\\\/petitecave.ch\\\/de\\\/#organization\",\"name\":\"La Petite Cave du Chablais S\u00e0rl\",\"url\":\"https:\\\/\\\/petitecave.ch\\\/de\\\/\",\"logo\":{\"@type\":\"ImageObject\",\"inLanguage\":\"de-CH\",\"@id\":\"https:\\\/\\\/petitecave.ch\\\/de\\\/#\\\/schema\\\/logo\\\/image\\\/\",\"url\":\"https:\\\/\\\/petitecave.ch\\\/wp-content\\\/uploads\\\/2025\\\/10\\\/petitecavelogo-removebg-preview.png\",\"contentUrl\":\"https:\\\/\\\/petitecave.ch\\\/wp-content\\\/uploads\\\/2025\\\/10\\\/petitecavelogo-removebg-preview.png\",\"width\":800,\"height\":200,\"caption\":\"La Petite Cave du Chablais S\u00e0rl\"},\"image\":{\"@id\":\"https:\\\/\\\/petitecave.ch\\\/de\\\/#\\\/schema\\\/logo\\\/image\\\/\"},\"sameAs\":[\"https:\\\/\\\/www.facebook.com\\\/LaPetiteCaveDuChablais\",\"https:\\\/\\\/www.instagram.com\\\/lapetitecaveduchablais\",\"https:\\\/\\\/www.linkedin.com\\\/company\\\/la-petite-cave-du-chablais\"]}]}<\/script>\n<!-- \/ Yoast SEO plugin. -->","yoast_head_json":{"title":"CONDITIONS G\u00c9N\u00c9RALES DE VENTE \u00ab\u00a0HORECA\u00a0\u00bb | La Petite Cave du Chablais","robots":{"index":"noindex","follow":"nofollow"},"og_locale":"de_DE","og_type":"article","og_title":"CONDITIONS G\u00c9N\u00c9RALES DE VENTE \u00ab\u00a0HORECA\u00a0\u00bb | La Petite Cave du Chablais","og_description":"CONDITIONS G\u00c9N\u00c9RALES DE VENTE \u00ab&nbsp;HORECA&nbsp;\u00bb CHAMP D\u2019APPLICATIONToute commande implique l\u2019acceptation des pr\u00e9sentes Conditions G\u00e9n\u00e9rales de Vente. Elles s\u2019appliquent \u00e0 l\u2019ensemble des livraisons et prestations de la Petite Cave du Chablais S\u00e0rl. TVA (les prix s&rsquo;entendent TVA exclue) COMMANDESToute commande transmise par \u00e9crit, courriel, t\u00e9l\u00e9phone, message \u00e9lectronique ou remise au repr\u00e9sentant du fournisseur est consid\u00e9r\u00e9e comme [&hellip;]","og_url":"https:\/\/petitecave.ch\/de\/livraison-horeca\/","og_site_name":"La Petite Cave du Chablais","article_publisher":"https:\/\/www.facebook.com\/LaPetiteCaveDuChablais","article_modified_time":"2026-04-16T10:15:43+00:00","og_image":[{"width":800,"height":200,"url":"https:\/\/petitecave.ch\/wp-content\/uploads\/2025\/10\/petitecavelogo-removebg-preview.png","type":"image\/png"}],"twitter_card":"summary_large_image","twitter_misc":{"Gesch\u00e4tzte Lesezeit":"5\u00a0Minuten"},"schema":{"@context":"https:\/\/schema.org","@graph":[{"@type":"WebPage","@id":"https:\/\/petitecave.ch\/livraison-horeca\/","url":"https:\/\/petitecave.ch\/livraison-horeca\/","name":"CONDITIONS G\u00c9N\u00c9RALES DE VENTE \u00ab\u00a0HORECA\u00a0\u00bb | La Petite Cave du Chablais","isPartOf":{"@id":"https:\/\/petitecave.ch\/de\/#website"},"datePublished":"2026-04-16T09:51:45+00:00","dateModified":"2026-04-16T10:15:43+00:00","breadcrumb":{"@id":"https:\/\/petitecave.ch\/livraison-horeca\/#breadcrumb"},"inLanguage":"de-CH","potentialAction":[{"@type":"ReadAction","target":["https:\/\/petitecave.ch\/livraison-horeca\/"]}]},{"@type":"BreadcrumbList","@id":"https:\/\/petitecave.ch\/livraison-horeca\/#breadcrumb","itemListElement":[{"@type":"ListItem","position":1,"name":"Accueil","item":"https:\/\/petitecave.ch\/de\/"},{"@type":"ListItem","position":2,"name":"CONDITIONS G\u00c9N\u00c9RALES DE VENTE \u00ab\u00a0HORECA\u00a0\u00bb"}]},{"@type":"WebSite","@id":"https:\/\/petitecave.ch\/de\/#website","url":"https:\/\/petitecave.ch\/de\/","name":"Die kleine Keller des Chablais","description":"Vins, bi\u00e8res et spiritueux en ligne !","publisher":{"@id":"https:\/\/petitecave.ch\/de\/#organization"},"alternateName":"La Petite Cave","potentialAction":[{"@type":"SearchAction","target":{"@type":"EntryPoint","urlTemplate":"https:\/\/petitecave.ch\/de\/?s={search_term_string}"},"query-input":{"@type":"PropertyValueSpecification","valueRequired":true,"valueName":"search_term_string"}}],"inLanguage":"de-CH"},{"@type":"Organization","@id":"https:\/\/petitecave.ch\/de\/#organization","name":"La Petite Cave du Chablais S\u00e0rl","url":"https:\/\/petitecave.ch\/de\/","logo":{"@type":"ImageObject","inLanguage":"de-CH","@id":"https:\/\/petitecave.ch\/de\/#\/schema\/logo\/image\/","url":"https:\/\/petitecave.ch\/wp-content\/uploads\/2025\/10\/petitecavelogo-removebg-preview.png","contentUrl":"https:\/\/petitecave.ch\/wp-content\/uploads\/2025\/10\/petitecavelogo-removebg-preview.png","width":800,"height":200,"caption":"La Petite Cave du Chablais S\u00e0rl"},"image":{"@id":"https:\/\/petitecave.ch\/de\/#\/schema\/logo\/image\/"},"sameAs":["https:\/\/www.facebook.com\/LaPetiteCaveDuChablais","https:\/\/www.instagram.com\/lapetitecaveduchablais","https:\/\/www.linkedin.com\/company\/la-petite-cave-du-chablais"]}]}},"_links":{"self":[{"href":"https:\/\/petitecave.ch\/de\/wp-json\/wp\/v2\/pages\/19401","targetHints":{"allow":["GET"]}}],"collection":[{"href":"https:\/\/petitecave.ch\/de\/wp-json\/wp\/v2\/pages"}],"about":[{"href":"https:\/\/petitecave.ch\/de\/wp-json\/wp\/v2\/types\/page"}],"author":[{"embeddable":true,"href":"https:\/\/petitecave.ch\/de\/wp-json\/wp\/v2\/users\/2"}],"replies":[{"embeddable":true,"href":"https:\/\/petitecave.ch\/de\/wp-json\/wp\/v2\/comments?post=19401"}],"version-history":[{"count":4,"href":"https:\/\/petitecave.ch\/de\/wp-json\/wp\/v2\/pages\/19401\/revisions"}],"predecessor-version":[{"id":19413,"href":"https:\/\/petitecave.ch\/de\/wp-json\/wp\/v2\/pages\/19401\/revisions\/19413"}],"wp:attachment":[{"href":"https:\/\/petitecave.ch\/de\/wp-json\/wp\/v2\/media?parent=19401"}],"curies":[{"name":"wp","href":"https:\/\/api.w.org\/{rel}","templated":true}]}}