{"id":19396,"date":"2026-04-15T13:50:11","date_gmt":"2026-04-15T11:50:11","guid":{"rendered":"https:\/\/petitecave.ch\/?page_id=19396"},"modified":"2026-04-15T14:52:18","modified_gmt":"2026-04-15T12:52:18","slug":"livraison-manifestations-2026","status":"publish","type":"page","link":"https:\/\/petitecave.ch\/de\/livraison-manifestations-2026\/","title":{"rendered":"Conditions g\u00e9n\u00e9rales \u2013 Livraison manifestations"},"content":{"rendered":"<h2 class=\"wp-block-heading\"><strong>Conditions g\u00e9n\u00e9rales de vente &#8211; Manifestations<\/strong><\/h2>\n\n\n\n<p><strong>Champ d\u2019application :<\/strong><br>Les pr\u00e9sentes Conditions G\u00e9n\u00e9rales de Vente \u2013 Manifestations s\u2019appliquent \u00e0 toute commande li\u00e9e \u00e0 une manifestation, buvette, f\u00eate, \u00e9v\u00e9nement temporaire ou installation saisonni\u00e8re.<\/p>\n\n\n\n<p>Elles constituent un contrat autonome applicable sp\u00e9cifiquement aux \u00e9v\u00e9nements ponctuels.<\/p>\n\n\n\n<p><strong>Validit\u00e9 de l\u2019offre\u00a0:<\/strong><br>Valable imm\u00e9diatement. Les prix sont bruts et ne tiennent pas compte des promotions, escomptes et conditions particuli\u00e8res.<\/p>\n\n\n\n<p><strong>Tous les prix s&rsquo;entendent par unit\u00e9, bouteille, bonbonne, carton\/pack ou f\u00fbt.<\/strong><\/p>\n\n\n\n<p><strong>Consignes :<\/strong><br>Bouteilles de 18 cl \u00e0 100 cl : Fr. 0.30 \u00e0 Fr. 0.50<br>Bouteilles fermeture m\u00e9canique : Fr. 0.50 \u00e0 Fr. 1.00<br>Harasses \/ Caisses : Fr. 5.00 \u00a0\u00a0\u00a0\u00a0\u00a0\u00a0\u00a0\u00a0\u00a0\u00a0\u00a0\u00a0\u00a0\u00a0\u00a0\u00a0\u00a0\u00a0\u00a0\u00a0\u00a0\u00a0\u00a0\u00a0\u00a0\u00a0\u00a0\u00a0\u00a0\u00a0\u00a0\u00a0\u00a0\u00a0\u00a0\u00a0\u00a0\u00a0\u00a0\u00a0\u00a0\u00a0\u00a0\u00a0\u00a0\u00a0\u00a0<br>F\u00fbts : Fr. 50.00<br>Bonbonnes de gaz : Fr. 100.00<br>Palettes : Fr. 12.00<\/p>\n\n\n\n<p><strong>TVA (les prix s&rsquo;entendent TVA exclue) : \u00a0\u00a0\u00a0\u00a0\u00a0\u00a0\u00a0\u00a0\u00a0\u00a0\u00a0\u00a0\u00a0\u00a0 <\/strong><br>TVA sur les boissons sans alcool, 2.6 %<br>TVA sur les boissons alcoolis\u00e9es, 8.1 %<br>TVA sur les emballages\/consignes 0 %<\/p>\n\n\n\n<p><strong>Commande et engagement\u00a0:<\/strong><br><strong>D\u00e9lai de commande : <\/strong>un d\u00e9lai minimum de 3 semaines avant la livraison est recommand\u00e9 pour garantir la disponibilit\u00e9 des marchandises.<\/p>\n\n\n\n<p><strong>R\u00e9servation du mat\u00e9riel : <\/strong>la r\u00e9servation doit obligatoirement nous \u00eatre transmise par mail \u00e0 commande@petitecave.ch.<\/p>\n\n\n\n<p><strong>D\u00e9lais de r\u00e9servation : <\/strong>nous vous rendons attentif au fait que nous avons une quantit\u00e9 limit\u00e9e de mat\u00e9riel et qu\u2019\u00e0 certaines p\u00e9riodes de l\u2019ann\u00e9e, il nous est impossible de satisfaire toutes les demandes, veuillez donc \u00eatre pr\u00e9voyant.<\/p>\n\n\n\n<p><strong>Modifications : <\/strong>aucune modification n\u2019est autoris\u00e9e dans les 3 jours pr\u00e9c\u00e9dents la livraison.<\/p>\n\n\n\n<p><strong>Taille des remorques : <\/strong>il n\u2019y a pas la possibilit\u00e9 de choisir la taille de la remorque. La mise \u00e0 disposition est choisie en fonction de la disponibilit\u00e9 et selon le volume des commandes.<\/p>\n\n\n\n<p><strong>Conditions de paiement :<\/strong><br>Premi\u00e8re commande\u00a0: \u00a0sauf indication contraire, le 50 % du montant total de l\u2019offre doit nous \u00eatre vers\u00e9 au plus tard une semaine avant la livraison, par virement bancaire ou en esp\u00e8ces \u00e0 notre magasin (Chemin de Pr\u00e9 Loup 7 \u00e0 1868 Collombey).<\/p>\n\n\n\n<p>D\u00e8s la deuxi\u00e8me commande, le solde est factur\u00e9 apr\u00e8s d\u00e9compte final et les conditions de paiement \u00e0 10 jours nets sont appliqu\u00e9es.<\/p>\n\n\n\n<p>&nbsp;\u00c0 d\u00e9faut de paiement \u00e0 l\u2019\u00e9ch\u00e9ance, un int\u00e9r\u00eat moratoire de 5 % l\u2019an sera factur\u00e9 ainsi que les frais de rappel et de recouvrement.<\/p>\n\n\n\n<p><strong>Force majeure\u00a0:<\/strong><br>La Petite Cave du Chablais S\u00e0rl ne peut \u00eatre tenue responsable de tout retard, r\u00e9duction ou impossibilit\u00e9 de livraison r\u00e9sultant d\u2019un cas de force majeure, notamment intemp\u00e9ries exceptionnelles, gr\u00e8ve, rupture d\u2019approvisionnement, panne technique, d\u00e9cision administrative ou tout \u00e9v\u00e9nement ind\u00e9pendant de sa volont\u00e9.<\/p>\n\n\n\n<p>Dans une telle situation, aucune indemnit\u00e9 ne pourra \u00eatre r\u00e9clam\u00e9e au fournisseur.<\/p>\n\n\n\n<p><strong>Prix :<\/strong><br>Les prix peuvent \u00eatre adapt\u00e9s en cas de hausse des prix fournisseurs ou des co\u00fbts d\u2019approvisionnement<\/p>\n\n\n\n<p><strong>Annulation\u00a0:<\/strong><br>En cas d\u2019annulation :<\/p>\n\n\n\n<ul class=\"wp-block-list\">\n<li>Plus de 14 jours avant l\u2019\u00e9v\u00e9nement : sans frais, sauf commandes sp\u00e9ciales.<\/li>\n\n\n\n<li>Entre 7 et 14 jours : des frais logistiques et de pr\u00e9paration peuvent \u00eatre factur\u00e9s.<\/li>\n\n\n\n<li>Moins de 7 jours : facturation possible des marchandises pr\u00e9par\u00e9es.<\/li>\n\n\n\n<li>Moins de 3 jours : peut \u00eatre factur\u00e9.<\/li>\n<\/ul>\n\n\n\n<p>Les produits sp\u00e9cifiques ou command\u00e9s sp\u00e9cialement sont factur\u00e9s dans tous les cas.<\/p>\n\n\n\n<p><strong>Obligation de paiement\u00a0:<\/strong><br>Toute commande transmise par \u00e9crit, courriel, t\u00e9l\u00e9phone, message \u00e9lectronique ou remise au commercial de la Petite Cave du Chablais S\u00e0rl est consid\u00e9r\u00e9e comme valable et engage l\u2019organisateur.<\/p>\n\n\n\n<p>Le succ\u00e8s commercial de l\u2019\u00e9v\u00e9nement, la fr\u00e9quentation ou tout autre facteur \u00e9conomique et m\u00e9t\u00e9orologique ne lib\u00e8rent en aucun cas l\u2019organisateur de son obligation de paiement.<\/p>\n\n\n\n<p><strong>Conditions de livraison :<\/strong><br><strong>Livraison &amp; reprise : <\/strong>lors d\u2019un jour ouvrable, selon notre plan de tourn\u00e9e et en pr\u00e9sence de l\u2019organisateur qui confirmera la bonne r\u00e9ception de sa commande par sa signature.<\/p>\n\n\n\n<p>La distribution et la mise en place de la marchandise incombent \u00e0 l\u2019organisateur<\/p>\n\n\n\n<p><strong>Heures de livraison : <\/strong>il n\u2019est pas possible de fixer d\u2019heures pr\u00e9cises. Pour une raison d\u2019organisation, une plage de 4 heures est indispensable pour la livraison et la reprise.<\/p>\n\n\n\n<p><strong>Transfert de risque&nbsp;:<\/strong> D\u00e8s la livraison sur site, les risques li\u00e9s au stockage, au vol, \u00e0 la d\u00e9t\u00e9rioration ou \u00e0 la perte des marchandises sont transf\u00e9r\u00e9s \u00e0 l\u2019organisateur de la manifestation, m\u00eame en cas de d\u00e9p\u00f4t autoris\u00e9.<\/p>\n\n\n\n<p><strong>Lieu, acc\u00e8s : <\/strong>le mat\u00e9riel et les boissons sont livr\u00e9s et repris sur le lieu de la manifestation. Si l\u2019acc\u00e8s \u00e0 l\u2019endroit est inaccessible (champ, passerelle, pav\u00e9s, etc.) par nos v\u00e9hicules de livraison, le chauffeur d\u00e9posera et reprendra le mat\u00e9riel \u00e0 l\u2019endroit qu\u2019il jugera opportun.<\/p>\n\n\n\n<p><strong>D\u00e9pannages : <\/strong>pour les d\u00e9pannages en dehors des horaires d\u2019ouverture et sauf accord contraire, un montant de Fr. 45.00 HT sera factur\u00e9. (Prise \u00e0 quai \u00e0 notre d\u00e9p\u00f4t de Collombey uniquement)<\/p>\n\n\n\n<p><strong>Consignation de marchandises :<\/strong><br>Doit \u00eatre pr\u00e9cis\u00e9e lors de la commande.<\/p>\n\n\n\n<p>Les retours sont accept\u00e9s et cr\u00e9dit\u00e9s uniquement dans leurs emballages d\u2019origine, en packs\/cartons complets, tels que livr\u00e9s, non-entam\u00e9s, non endommag\u00e9s, non \u00e9tiquet\u00e9s et surtout non m\u00e9lang\u00e9s et en parfait \u00e9tat.<\/p>\n\n\n\n<p>Les boissons en harasses, les bouteilles de sirops, de champagne et d\u2019alcools forts sont reprises \u00e0 l\u2019unit\u00e9, mais au maximum en quantit\u00e9s inf\u00e9rieures ou dans leurs emballages d\u2019origine.<\/p>\n\n\n\n<p><strong>Responsabilit\u00e9<\/strong>\u00a0:<br>Il incombe \u00e0 l\u2019organisateur de s\u2019assurer contre les dommages dus aux incendies, aux catastrophes naturelles, aux d\u00e9g\u00e2ts des eaux, aux bris de glace et au vol.<\/p>\n\n\n\n<p><strong>Limitation de responsabilit\u00e9 :<\/strong><br>La responsabilit\u00e9 de la Petite Cave du Chablais S\u00e0rl est limit\u00e9e \u00e0 la valeur des marchandises ou prestations concern\u00e9es.<br>Toute responsabilit\u00e9 pour des dommages indirects ou cons\u00e9cutifs est exclue.<\/p>\n\n\n\n<p><strong>R\u00e9serve de propri\u00e9t\u00e9 :<\/strong><br>Les marchandises livr\u00e9es demeurent la propri\u00e9t\u00e9 de la Petite Cave du Chablais S\u00e0rl jusqu\u2019au paiement complet des factures correspondantes.<\/p>\n\n\n\n<p><strong>Mat\u00e9riel :<\/strong><br><strong>Responsabilit\u00e9s <\/strong>: l\u2019organisateur est responsable des dommages occasionn\u00e9s au mat\u00e9riel appartenant \u00e0 La Petite Cave du Chablais S\u00e0rl. En cas de dommages, nous nous r\u00e9servons le droit de demander des d\u00e9dommagements et int\u00e9r\u00eats au client, pour l&rsquo;immobilisation du mat\u00e9riel lors de sa remise en \u00e9tat. <strong><u>Le mat\u00e9riel doit \u00eatre utilis\u00e9 soigneusement et rendu<\/u><\/strong> <strong><u>lav\u00e9 et propre<\/u><\/strong>. Des frais de nettoyage seront factur\u00e9s si le mat\u00e9riel n\u2019est pas rendu propre (CHF 65,&#8211;\/heure HT)<\/p>\n\n\n\n<p>Toute sous-location ou mise \u00e0 disposition du mat\u00e9riel \u00e0 un tiers est interdite sans accord \u00e9crit pr\u00e9alable de la Petite Cave du Chablais S\u00e0rl.<\/p>\n\n\n\n<p><strong>Utilisation conforme <\/strong>: le mat\u00e9riel est r\u00e9serv\u00e9 exclusivement aux produits fournis par La Petite Cave du Chablais S\u00e0rl. Le stockage de tout autre produit alimentaire (par exemple : poisson, viande, fromage, etc.) dans les unit\u00e9s r\u00e9frig\u00e9rantes est interdit. Il est \u00e9galement interdit de cuisiner ou de faire des grillades \u00e0 l\u2019int\u00e9rieur des cantines ainsi que d\u2019\u00f4ter, de cacher les autocollants publicitaires pos\u00e9s par la Petite Cave du Chablais S\u00e0rl <strong>ou d\u2019en coller de nouveaux<\/strong>. En cas de non-respect de ces conditions, La Petite Cave du Chablais S\u00e0rl facturera un forfait de Fr. 500.00 HT.<\/p>\n\n\n\n<p><strong>Montage \u2013 d\u00e9montage <\/strong>: la distribution et le montage du mat\u00e9riel sur place sont \u00e0 la charge de l\u2019organisateur. A la fin de la dur\u00e9e de location, le client s\u2019engage \u00e0 restituer \u00e0 La Petite Cave du Chablais S\u00e0rl le mat\u00e9riel d\u00e9mont\u00e9 et les boissons en consignation non entam\u00e9es dans leurs emballages respectifs et non m\u00e9lang\u00e9es. Le tout propre et pr\u00eat au transport.<\/p>\n\n\n\n<p>Les \u00e9ventuels travaux suppl\u00e9mentaires effectu\u00e9s par La Petite Cave du Chablais S\u00e0rl pour le ramassage du mat\u00e9riel non pr\u00e9par\u00e9 et\/ou le nettoyage du mat\u00e9riel sale seront factur\u00e9s au client en fonction du temps investi (tarif de Fr. 65.00\/heure HT).<\/p>\n\n\n\n<p><strong>Branchement \u00e9lectrique : <\/strong>le mat\u00e9riel avec une alimentation est livr\u00e9 sans c\u00e2ble de rallonge. Il incombe \u00e0 l\u2019organisateur de garantir le branchement des appareils \u00e9lectriques conform\u00e9ment aux normes.<\/p>\n\n\n\n<p><strong>Condition d\u2019utilisation des tireuses \u00e0 bi\u00e8re : <\/strong>il est de la responsabilit\u00e9 du client de lire les notices de mise en service sur les tireuses ou de se renseigner quant au bon fonctionnement des installations de bi\u00e8re pression lors de la livraison. Toutes d\u00e9fectuosit\u00e9s \u00e0 la suite d\u2019installations non-conformes seront r\u00e9par\u00e9es et les frais engendr\u00e9s factur\u00e9s au mandant. <strong>NE PAS OUBLIER DE REMPLIR LA CUVE DE REFROIDISSEMENT D\u2019EAU. <\/strong>(Pour les tireuses \u00e0 refroidissement \u00e0 eau uniquement)<\/p>\n\n\n\n<p><strong>D\u00e9placement des remorques : <\/strong>Les remorques ne doivent \u00eatre d\u00e9plac\u00e9es que par le personnel habilit\u00e9 \u00e0 le faire.<\/p>\n\n\n\n<p><strong>Manutention\u00a0:<\/strong><br><strong>A. <\/strong>Un montant de Fr. 100.00 H.T. vous sera factur\u00e9 si la facture finale n\u2019atteint pas Fr. 1&rsquo;000. &#8212; T.T.C. (Hors locations)<\/p>\n\n\n\n<p><strong>B. <\/strong>Les frais de livraison (aller\/retour) sont factur\u00e9s selon prix en vigueur lors de la signature lorsque la livraison et la reprise sont effectu\u00e9es par nos soins.<\/p>\n\n\n\n<p><strong>C. <\/strong>Il n\u2019y a pas de frais de livraison si l\u2019enl\u00e8vement et le retour sont effectu\u00e9s par le client directement \u00e0 notre d\u00e9p\u00f4t, \u00e0 date et heure convenues.<\/p>\n\n\n\n<p><strong>*** Notice sur l\u2019ordonnance sur les denr\u00e9es alimentaires &#8211; Pour information ***<\/strong><\/p>\n\n\n\n<p><strong>IMPORTANT<\/strong> &#8211; Veuillez prendre note que tous les composants frigorifiques de la Petite Cave du Chablais S\u00e0rl sont pr\u00e9vus <strong><u>pour le refroidissement de boissons uniquement.<\/u><\/strong><\/p>\n\n\n\n<p>V\u00e9hicules frigorifiques 8-12\u00b0C, Armoires frigorifiques 8-12\u00b0C.<\/p>\n\n\n\n<p><strong>Des informations compl\u00e9mentaires peuvent \u00eatre obtenues sous : http:\/\/www.admin.ch\/ch\/f\/rs\/c817_02.html.<\/strong><\/p>\n\n\n\n<p><strong>Statistiques :<\/strong><br>L\u2019organisateur accepte que les statistiques de vente puissent \u00eatre transmises aux fournisseurs concern\u00e9s, dans le respect de la l\u00e9gislation applicable.<\/p>\n\n\n\n<p><strong>Droit applicable et for\u00a0:<\/strong><br>Le droit suisse est applicable.<br>Le for juridique est au si\u00e8ge de la Petite Cave du Chablais S\u00e0rl.<\/p>\n\n\n\n<p><\/p>","protected":false},"excerpt":{"rendered":"<p>Conditions g\u00e9n\u00e9rales de vente &#8211; Manifestations Champ d\u2019application :Les pr\u00e9sentes Conditions G\u00e9n\u00e9rales de Vente \u2013 Manifestations s\u2019appliquent \u00e0 toute commande li\u00e9e \u00e0 une manifestation, buvette, f\u00eate, \u00e9v\u00e9nement temporaire ou installation saisonni\u00e8re. Elles constituent un contrat autonome applicable sp\u00e9cifiquement aux \u00e9v\u00e9nements ponctuels. Validit\u00e9 de l\u2019offre\u00a0:Valable imm\u00e9diatement. Les prix sont bruts et ne tiennent pas compte des [&hellip;]<\/p>\n","protected":false},"author":2,"featured_media":0,"parent":0,"menu_order":0,"comment_status":"closed","ping_status":"closed","template":"","meta":{"footnotes":""},"class_list":["post-19396","page","type-page","status-publish","hentry","_wholesalex wsx-wholesalex-product"],"yoast_head":"<!-- This site is optimized with the Yoast SEO plugin v27.4 - https:\/\/yoast.com\/product\/yoast-seo-wordpress\/ -->\n<title>Conditions g\u00e9n\u00e9rales \u2013 Livraison manifestations - La Petite Cave du Chablais<\/title>\n<meta name=\"robots\" content=\"noindex, nofollow\" \/>\n<meta property=\"og:locale\" content=\"de_DE\" \/>\n<meta property=\"og:type\" content=\"article\" \/>\n<meta property=\"og:title\" content=\"Conditions g\u00e9n\u00e9rales \u2013 Livraison manifestations - La Petite Cave du Chablais\" \/>\n<meta property=\"og:description\" content=\"Conditions g\u00e9n\u00e9rales de vente &#8211; Manifestations Champ d\u2019application :Les pr\u00e9sentes Conditions G\u00e9n\u00e9rales de Vente \u2013 Manifestations s\u2019appliquent \u00e0 toute commande li\u00e9e \u00e0 une manifestation, buvette, f\u00eate, \u00e9v\u00e9nement temporaire ou installation saisonni\u00e8re. Elles constituent un contrat autonome applicable sp\u00e9cifiquement aux \u00e9v\u00e9nements ponctuels. Validit\u00e9 de l\u2019offre\u00a0:Valable imm\u00e9diatement. Les prix sont bruts et ne tiennent pas compte des [&hellip;]\" \/>\n<meta property=\"og:url\" content=\"https:\/\/petitecave.ch\/de\/livraison-manifestations-2026\/\" \/>\n<meta property=\"og:site_name\" content=\"La Petite Cave du Chablais\" \/>\n<meta property=\"article:publisher\" content=\"https:\/\/www.facebook.com\/LaPetiteCaveDuChablais\" \/>\n<meta property=\"article:modified_time\" content=\"2026-04-15T12:52:18+00:00\" \/>\n<meta name=\"twitter:card\" content=\"summary_large_image\" \/>\n<meta name=\"twitter:label1\" content=\"Gesch\u00e4tzte Lesezeit\" \/>\n\t<meta name=\"twitter:data1\" content=\"8\u00a0Minuten\" \/>\n<script type=\"application\/ld+json\" class=\"yoast-schema-graph\">{\"@context\":\"https:\\\/\\\/schema.org\",\"@graph\":[{\"@type\":\"WebPage\",\"@id\":\"https:\\\/\\\/petitecave.ch\\\/livraison-manifestations-2026\\\/\",\"url\":\"https:\\\/\\\/petitecave.ch\\\/livraison-manifestations-2026\\\/\",\"name\":\"Conditions g\u00e9n\u00e9rales \u2013 Livraison manifestations - La Petite Cave du Chablais\",\"isPartOf\":{\"@id\":\"https:\\\/\\\/petitecave.ch\\\/#website\"},\"datePublished\":\"2026-04-15T11:50:11+00:00\",\"dateModified\":\"2026-04-15T12:52:18+00:00\",\"breadcrumb\":{\"@id\":\"https:\\\/\\\/petitecave.ch\\\/livraison-manifestations-2026\\\/#breadcrumb\"},\"inLanguage\":\"de-CH\",\"potentialAction\":[{\"@type\":\"ReadAction\",\"target\":[\"https:\\\/\\\/petitecave.ch\\\/livraison-manifestations-2026\\\/\"]}]},{\"@type\":\"BreadcrumbList\",\"@id\":\"https:\\\/\\\/petitecave.ch\\\/livraison-manifestations-2026\\\/#breadcrumb\",\"itemListElement\":[{\"@type\":\"ListItem\",\"position\":1,\"name\":\"Accueil\",\"item\":\"https:\\\/\\\/petitecave.ch\\\/\"},{\"@type\":\"ListItem\",\"position\":2,\"name\":\"Conditions g\u00e9n\u00e9rales \u2013 Livraison manifestations\"}]},{\"@type\":\"WebSite\",\"@id\":\"https:\\\/\\\/petitecave.ch\\\/#website\",\"url\":\"https:\\\/\\\/petitecave.ch\\\/\",\"name\":\"La Petite Cave du Chablais\",\"description\":\"Vins, bi\u00e8res et spiritueux en ligne !\",\"publisher\":{\"@id\":\"https:\\\/\\\/petitecave.ch\\\/#organization\"},\"potentialAction\":[{\"@type\":\"SearchAction\",\"target\":{\"@type\":\"EntryPoint\",\"urlTemplate\":\"https:\\\/\\\/petitecave.ch\\\/?s={search_term_string}\"},\"query-input\":{\"@type\":\"PropertyValueSpecification\",\"valueRequired\":true,\"valueName\":\"search_term_string\"}}],\"inLanguage\":\"de-CH\"},{\"@type\":\"Organization\",\"@id\":\"https:\\\/\\\/petitecave.ch\\\/#organization\",\"name\":\"La Petite Cave du Chablais S\u00e0rl\",\"url\":\"https:\\\/\\\/petitecave.ch\\\/\",\"logo\":{\"@type\":\"ImageObject\",\"inLanguage\":\"de-CH\",\"@id\":\"https:\\\/\\\/petitecave.ch\\\/#\\\/schema\\\/logo\\\/image\\\/\",\"url\":\"https:\\\/\\\/petitecave.ch\\\/wp-content\\\/uploads\\\/2025\\\/10\\\/cropped-petitecavelogo-removebg-preview.png\",\"contentUrl\":\"https:\\\/\\\/petitecave.ch\\\/wp-content\\\/uploads\\\/2025\\\/10\\\/cropped-petitecavelogo-removebg-preview.png\",\"width\":703,\"height\":121,\"caption\":\"La Petite Cave du Chablais S\u00e0rl\"},\"image\":{\"@id\":\"https:\\\/\\\/petitecave.ch\\\/#\\\/schema\\\/logo\\\/image\\\/\"},\"sameAs\":[\"https:\\\/\\\/www.facebook.com\\\/LaPetiteCaveDuChablais\",\"https:\\\/\\\/www.instagram.com\\\/lapetitecaveduchablais\",\"https:\\\/\\\/www.linkedin.com\\\/company\\\/la-petite-cave-du-chablais\"]}]}<\/script>\n<!-- \/ Yoast SEO plugin. -->","yoast_head_json":{"title":"Conditions g\u00e9n\u00e9rales \u2013 Livraison manifestations - La Petite Cave du Chablais","robots":{"index":"noindex","follow":"nofollow"},"og_locale":"de_DE","og_type":"article","og_title":"Conditions g\u00e9n\u00e9rales \u2013 Livraison manifestations - La Petite Cave du Chablais","og_description":"Conditions g\u00e9n\u00e9rales de vente &#8211; Manifestations Champ d\u2019application :Les pr\u00e9sentes Conditions G\u00e9n\u00e9rales de Vente \u2013 Manifestations s\u2019appliquent \u00e0 toute commande li\u00e9e \u00e0 une manifestation, buvette, f\u00eate, \u00e9v\u00e9nement temporaire ou installation saisonni\u00e8re. Elles constituent un contrat autonome applicable sp\u00e9cifiquement aux \u00e9v\u00e9nements ponctuels. Validit\u00e9 de l\u2019offre\u00a0:Valable imm\u00e9diatement. Les prix sont bruts et ne tiennent pas compte des [&hellip;]","og_url":"https:\/\/petitecave.ch\/de\/livraison-manifestations-2026\/","og_site_name":"La Petite Cave du Chablais","article_publisher":"https:\/\/www.facebook.com\/LaPetiteCaveDuChablais","article_modified_time":"2026-04-15T12:52:18+00:00","twitter_card":"summary_large_image","twitter_misc":{"Gesch\u00e4tzte Lesezeit":"8\u00a0Minuten"},"schema":{"@context":"https:\/\/schema.org","@graph":[{"@type":"WebPage","@id":"https:\/\/petitecave.ch\/livraison-manifestations-2026\/","url":"https:\/\/petitecave.ch\/livraison-manifestations-2026\/","name":"Conditions g\u00e9n\u00e9rales \u2013 Livraison manifestations - La Petite Cave du Chablais","isPartOf":{"@id":"https:\/\/petitecave.ch\/#website"},"datePublished":"2026-04-15T11:50:11+00:00","dateModified":"2026-04-15T12:52:18+00:00","breadcrumb":{"@id":"https:\/\/petitecave.ch\/livraison-manifestations-2026\/#breadcrumb"},"inLanguage":"de-CH","potentialAction":[{"@type":"ReadAction","target":["https:\/\/petitecave.ch\/livraison-manifestations-2026\/"]}]},{"@type":"BreadcrumbList","@id":"https:\/\/petitecave.ch\/livraison-manifestations-2026\/#breadcrumb","itemListElement":[{"@type":"ListItem","position":1,"name":"Accueil","item":"https:\/\/petitecave.ch\/"},{"@type":"ListItem","position":2,"name":"Conditions g\u00e9n\u00e9rales \u2013 Livraison manifestations"}]},{"@type":"WebSite","@id":"https:\/\/petitecave.ch\/#website","url":"https:\/\/petitecave.ch\/","name":"La Petite Cave du Chablais","description":"Vins, bi\u00e8res et spiritueux en ligne !","publisher":{"@id":"https:\/\/petitecave.ch\/#organization"},"potentialAction":[{"@type":"SearchAction","target":{"@type":"EntryPoint","urlTemplate":"https:\/\/petitecave.ch\/?s={search_term_string}"},"query-input":{"@type":"PropertyValueSpecification","valueRequired":true,"valueName":"search_term_string"}}],"inLanguage":"de-CH"},{"@type":"Organization","@id":"https:\/\/petitecave.ch\/#organization","name":"La Petite Cave du Chablais S\u00e0rl","url":"https:\/\/petitecave.ch\/","logo":{"@type":"ImageObject","inLanguage":"de-CH","@id":"https:\/\/petitecave.ch\/#\/schema\/logo\/image\/","url":"https:\/\/petitecave.ch\/wp-content\/uploads\/2025\/10\/cropped-petitecavelogo-removebg-preview.png","contentUrl":"https:\/\/petitecave.ch\/wp-content\/uploads\/2025\/10\/cropped-petitecavelogo-removebg-preview.png","width":703,"height":121,"caption":"La Petite Cave du Chablais S\u00e0rl"},"image":{"@id":"https:\/\/petitecave.ch\/#\/schema\/logo\/image\/"},"sameAs":["https:\/\/www.facebook.com\/LaPetiteCaveDuChablais","https:\/\/www.instagram.com\/lapetitecaveduchablais","https:\/\/www.linkedin.com\/company\/la-petite-cave-du-chablais"]}]}},"_links":{"self":[{"href":"https:\/\/petitecave.ch\/de\/wp-json\/wp\/v2\/pages\/19396","targetHints":{"allow":["GET"]}}],"collection":[{"href":"https:\/\/petitecave.ch\/de\/wp-json\/wp\/v2\/pages"}],"about":[{"href":"https:\/\/petitecave.ch\/de\/wp-json\/wp\/v2\/types\/page"}],"author":[{"embeddable":true,"href":"https:\/\/petitecave.ch\/de\/wp-json\/wp\/v2\/users\/2"}],"replies":[{"embeddable":true,"href":"https:\/\/petitecave.ch\/de\/wp-json\/wp\/v2\/comments?post=19396"}],"version-history":[{"count":3,"href":"https:\/\/petitecave.ch\/de\/wp-json\/wp\/v2\/pages\/19396\/revisions"}],"predecessor-version":[{"id":19399,"href":"https:\/\/petitecave.ch\/de\/wp-json\/wp\/v2\/pages\/19396\/revisions\/19399"}],"wp:attachment":[{"href":"https:\/\/petitecave.ch\/de\/wp-json\/wp\/v2\/media?parent=19396"}],"curies":[{"name":"wp","href":"https:\/\/api.w.org\/{rel}","templated":true}]}}