{"id":17704,"date":"2025-12-15T13:40:37","date_gmt":"2025-12-15T12:40:37","guid":{"rendered":""},"modified":"2025-12-15T13:45:34","modified_gmt":"2025-12-15T12:45:34","slug":"paiement-securise","status":"publish","type":"page","link":"https:\/\/petitecave.ch\/de\/paiement-securise\/","title":{"rendered":"Paiements s\u00e9curis\u00e9s"},"content":{"rendered":"<h3>Paiements s\u00e9curis\u00e9s<\/h3>\n<p>Chez nous, <strong>payer en ligne rime avec s\u00e9r\u00e9nit\u00e9<\/strong> \ud83d\udd10<br \/>\nToutes les transactions sont trait\u00e9es via <strong>SaferPay<\/strong>, la plateforme de paiements s\u00e9curis\u00e9s de <strong>Worldline Suisse<\/strong>, r\u00e9f\u00e9rence reconnue en mati\u00e8re de fiabilit\u00e9 et de protection des donn\u00e9es.<\/p>\n<p>Nous acceptons les moyens de paiement suivants :<br \/>\nCartes de <strong>cr\u00e9dit et de d\u00e9bit<\/strong>, <strong>TWINT<\/strong> pour les plus rapides, ainsi que les <strong>virements bancaires*<\/strong> pour ceux qui aiment prendre leur temps.<\/p>\n<p>R\u00e9sultat : un paiement simple, s\u00fbr et sans prise de t\u00eate.<br \/>\nToi, tu te concentres sur le choix des bouteilles. La s\u00e9curit\u00e9, on s\u2019en occupe \ud83c\udf77<\/p>\n<p>*Aucun envoi ne sera effectu\u00e9 avant la r\u00e9ception du paiement sur notre compte bancaire.<\/p>","protected":false},"excerpt":{"rendered":"<p>Our secure payment method<\/p>","protected":false},"author":2,"featured_media":0,"parent":0,"menu_order":0,"comment_status":"closed","ping_status":"closed","template":"","meta":{"footnotes":""},"class_list":["post-17704","page","type-page","status-publish","hentry","_wholesalex wsx-wholesalex-product"],"_links":{"self":[{"href":"https:\/\/petitecave.ch\/de\/wp-json\/wp\/v2\/pages\/17704","targetHints":{"allow":["GET"]}}],"collection":[{"href":"https:\/\/petitecave.ch\/de\/wp-json\/wp\/v2\/pages"}],"about":[{"href":"https:\/\/petitecave.ch\/de\/wp-json\/wp\/v2\/types\/page"}],"author":[{"embeddable":true,"href":"https:\/\/petitecave.ch\/de\/wp-json\/wp\/v2\/users\/2"}],"replies":[{"embeddable":true,"href":"https:\/\/petitecave.ch\/de\/wp-json\/wp\/v2\/comments?post=17704"}],"version-history":[{"count":1,"href":"https:\/\/petitecave.ch\/de\/wp-json\/wp\/v2\/pages\/17704\/revisions"}],"predecessor-version":[{"id":17964,"href":"https:\/\/petitecave.ch\/de\/wp-json\/wp\/v2\/pages\/17704\/revisions\/17964"}],"wp:attachment":[{"href":"https:\/\/petitecave.ch\/de\/wp-json\/wp\/v2\/media?parent=17704"}],"curies":[{"name":"wp","href":"https:\/\/api.w.org\/{rel}","templated":true}]}}