{"id":17703,"date":"2025-12-15T08:56:37","date_gmt":"2025-12-15T07:56:37","guid":{"rendered":""},"modified":"2026-02-10T11:12:11","modified_gmt":"2026-02-10T10:12:11","slug":"notre-entreprise","status":"publish","type":"page","link":"https:\/\/petitecave.ch\/de\/notre-entreprise\/","title":{"rendered":"Notre entreprise"},"content":{"rendered":"<h2><span style=\"color: #000000;\"><strong>LA PETITE CAVE DU CHABLAIS C&rsquo;EST :<\/strong><\/span><\/h2>\n<p><span style=\"color: #000000;\">Une <strong>entreprise familiale<\/strong> cr\u00e9\u00e9e il y a <strong>plus de 30 ans<\/strong>, sp\u00e9cialis\u00e9e dans la livraison et la vente de boissons \u00e0 nos clients priv\u00e9s et professionnels.<\/span><\/p>\n<p><span style=\"color: #000000;\">Une \u00e9quipe de 28 personnes, souriante et motiv\u00e9e qui souhaite r\u00e9pondre au mieux \u00e0 tes besoins.<\/span><\/p>\n<p><span style=\"color: #000000;\">Ici, on ne fait pas dans le petit rayon timide. On parle d\u2019un <strong data-start=\"222\" data-end=\"241\">assortiment XXL<\/strong> :<\/span><br data-start=\"243\" data-end=\"246\" \/><span style=\"color: #000000;\">plus de <strong data-start=\"254\" data-end=\"266\" data-is-only-node=\"\">700 vins<\/strong> soigneusement s\u00e9lectionn\u00e9s, <strong data-start=\"295\" data-end=\"313\">500 spiritueux<\/strong> pour les amateurs de whisky, rhum, gin, vodka et ap\u00e9ritifs bien sentis, <strong data-start=\"386\" data-end=\"400\">400 bi\u00e8res<\/strong> pour voyager mousse \u00e0 la main, sans oublier une belle gamme de <strong data-start=\"464\" data-end=\"477\">min\u00e9rales<\/strong> pour rester hydrat\u00e9 avec style.<\/span><\/p>\n<article class=\"text-token-text-primary w-full focus:outline-none [--shadow-height:45px] has-data-writing-block:pointer-events-none has-data-writing-block:-mt-(--shadow-height) has-data-writing-block:pt-(--shadow-height) [&amp;:has([data-writing-block])&gt;*]:pointer-events-auto scroll-mt-[calc(var(--header-height)+min(200px,max(70px,20svh)))]\" dir=\"auto\" tabindex=\"-1\" data-turn-id=\"request-WEB:8840cbbc-8c3e-47c5-b3af-36e1ffe939af-1\" data-testid=\"conversation-turn-4\" data-scroll-anchor=\"false\" data-turn=\"assistant\">\n<div class=\"text-base my-auto mx-auto [--thread-content-margin:--spacing(4)] @w-sm\/main:[--thread-content-margin:--spacing(6)] @w-lg\/main:[--thread-content-margin:--spacing(16)] px-(--thread-content-margin)\">\n<div class=\"[--thread-content-max-width:40rem] @w-lg\/main:[--thread-content-max-width:48rem] mx-auto max-w-(--thread-content-max-width) flex-1 group\/turn-messages focus-visible:outline-hidden relative flex w-full min-w-0 flex-col agent-turn\" tabindex=\"-1\">\n<div class=\"flex max-w-full flex-col grow\">\n<div class=\"min-h-8 text-message relative flex w-full flex-col items-end gap-2 text-start break-words whitespace-normal [.text-message+&amp;]:mt-1\" dir=\"auto\" data-message-author-role=\"assistant\" data-message-id=\"0167042e-ba60-4cf3-b831-23ae37c24043\" data-message-model-slug=\"gpt-5-2\">\n<div class=\"flex w-full flex-col gap-1 empty:hidden first:pt-[1px]\">\n<div class=\"markdown prose dark:prose-invert w-full break-words light markdown-new-styling\">\n<p data-start=\"0\" data-end=\"121\"><span style=\"color: #000000;\">Et parce qu\u2019une bonne f\u00eate ne s\u2019arr\u00eate pas \u00e0 la porte du magasin, <strong data-start=\"66\" data-end=\"116\">on s\u2019invite aussi \u00e0 tes manifestations locales<\/strong> \ud83c\udf89<\/span><\/p>\n<p data-start=\"123\" data-end=\"437\"><span style=\"color: #000000;\">Anniversaire, mariage, f\u00eate de village, soir\u00e9e d\u2019entreprise ou \u00e9v\u00e9nement un peu fou (on adore) : on te propose des <strong data-start=\"238\" data-end=\"261\">boissons sur mesure<\/strong>, pens\u00e9es en fonction de ton public, de ton budget et de l\u2019ambiance que tu veux cr\u00e9er. Rouge, blanc, bulles, bi\u00e8res qui coulent \u00e0 flot ou softs bien frais\u2026 on s\u2019occupe de tout.<\/span><\/p>\n<p data-start=\"439\" data-end=\"597\"><span style=\"color: #000000;\">Le vrai bonus qui fait la diff\u2019 ? <strong data-start=\"473\" data-end=\"513\">Tu ne paies que ce qui est consomm\u00e9.<\/strong><\/span><br data-start=\"513\" data-end=\"516\" \/><span style=\"color: #000000;\">Oui, vraiment. Z\u00e9ro gaspillage, z\u00e9ro stress, z\u00e9ro mauvaise surprise le lendemain.<\/span><\/p>\n<p data-start=\"599\" data-end=\"848\"><span style=\"color: #000000;\">C\u00f4t\u00e9 logistique, on est clairement arm\u00e9s :<\/span><br data-start=\"641\" data-end=\"644\" \/><span style=\"color: #000000;\"><strong data-start=\"644\" data-end=\"664\">tireuses \u00e0 bi\u00e8re<\/strong>, <strong data-start=\"666\" data-end=\"693\">remorques frigorifiques<\/strong>, <strong data-start=\"695\" data-end=\"705\">frigos<\/strong>, et tout le mat\u00e9riel n\u00e9cessaire pour garantir des boissons \u00e0 la bonne temp\u00e9rature et une organisation au top. Toi, tu profites. Nous, on g\u00e8re.<\/span><\/p>\n<p data-start=\"850\" data-end=\"1170\"><span style=\"color: #000000;\">Pour ce type d\u2019\u00e9v\u00e9nement, les commandes se font <strong data-start=\"898\" data-end=\"938\">uniquement par mail ou par t\u00e9l\u00e9phone<\/strong>, histoire de bien cadrer les choses. Et si tu pr\u00e9f\u00e8res \u00e9changer en vrai, on peut bien s\u00fbr <strong data-start=\"1029\" data-end=\"1069\">convenir d\u2019un rendez-vous au magasin<\/strong> pour discuter tranquillement de tes attentes et construire ensemble une f\u00eate parfaitement ma\u00eetris\u00e9e.<\/span><\/p>\n<p data-start=\"1172\" data-end=\"1258\" data-is-last-node=\"\" data-is-only-node=\"\"><span style=\"color: #000000;\"><strong>En r\u00e9sum\u00e9 :<\/strong><\/span><br data-start=\"1183\" data-end=\"1186\" \/><span style=\"color: #000000;\">Moins de stress, plus de plaisir\u2026 et des verres toujours bien remplis \ud83e\udd42<\/p>\n<p><\/span><\/p>\n<\/div>\n<\/div>\n<\/div>\n<\/div>\n<\/div>\n<\/div>\n<\/article>\n<article class=\"text-token-text-primary w-full focus:outline-none [--shadow-height:45px] has-data-writing-block:pointer-events-none has-data-writing-block:-mt-(--shadow-height) has-data-writing-block:pt-(--shadow-height) [&amp;:has([data-writing-block])&gt;*]:pointer-events-auto scroll-mt-(--header-height)\" dir=\"auto\" tabindex=\"-1\" data-turn-id=\"7b647607-84cd-4c51-9cf1-2e3583e6929f\" data-testid=\"conversation-turn-5\" data-scroll-anchor=\"false\" data-turn=\"user\"><\/article>\n<h3><span style=\"color: #000000;\"><strong>\u00c0 TOUT BIENT\u00d4T !<\/strong><\/span><\/h3>\n","protected":false},"excerpt":{"rendered":"<p>Pour en savoir plus sur La Petite Cave du Chablais.<\/p>","protected":false},"author":2,"featured_media":0,"parent":0,"menu_order":0,"comment_status":"closed","ping_status":"closed","template":"","meta":{"footnotes":""},"class_list":["post-17703","page","type-page","status-publish","hentry","_wholesalex wsx-wholesalex-product"],"_links":{"self":[{"href":"https:\/\/petitecave.ch\/de\/wp-json\/wp\/v2\/pages\/17703","targetHints":{"allow":["GET"]}}],"collection":[{"href":"https:\/\/petitecave.ch\/de\/wp-json\/wp\/v2\/pages"}],"about":[{"href":"https:\/\/petitecave.ch\/de\/wp-json\/wp\/v2\/types\/page"}],"author":[{"embeddable":true,"href":"https:\/\/petitecave.ch\/de\/wp-json\/wp\/v2\/users\/2"}],"replies":[{"embeddable":true,"href":"https:\/\/petitecave.ch\/de\/wp-json\/wp\/v2\/comments?post=17703"}],"version-history":[{"count":3,"href":"https:\/\/petitecave.ch\/de\/wp-json\/wp\/v2\/pages\/17703\/revisions"}],"predecessor-version":[{"id":18702,"href":"https:\/\/petitecave.ch\/de\/wp-json\/wp\/v2\/pages\/17703\/revisions\/18702"}],"wp:attachment":[{"href":"https:\/\/petitecave.ch\/de\/wp-json\/wp\/v2\/media?parent=17703"}],"curies":[{"name":"wp","href":"https:\/\/api.w.org\/{rel}","templated":true}]}}