{"id":17700,"date":"2026-01-27T16:15:37","date_gmt":"2026-01-27T15:15:37","guid":{"rendered":""},"modified":"2026-01-27T16:29:57","modified_gmt":"2026-01-27T15:29:57","slug":"conditions-de-livraison","status":"publish","type":"page","link":"https:\/\/petitecave.ch\/de\/conditions-de-livraison\/","title":{"rendered":"Conditions de livraison"},"content":{"rendered":"<h2 class=\"wp-block-heading\">Conditions de livraison<\/h2>\n\n\n\n<p class=\"has-black-color has-text-color has-link-color wp-elements-aef7df1f5176e991a3a5fbf34e26e6e2\">Les livraisons sont effectu\u00e9es, en principe, par notre service de livraison dans un d\u00e9lai de 72 heures et pour un montant forfaitaire de CHF 11.30. La zone couverte par notre r\u00e9seau s&rsquo;\u00e9tend de Vevey \u00e0 Martigny.<\/p>\n\n\n\n<p class=\"has-black-color has-text-color has-link-color wp-elements-a8a38ff573ae31db154669b7926c6800\">Nous nous r\u00e9servons le droit de ne pas livrer si, par exemple, la destination est difficilement accessible ou pour toutes autres raisons valables.<\/p>\n\n\n\n<p class=\"has-black-color has-text-color has-link-color wp-elements-d2c0f7507db56f9f58d2c810b10594dc\">Les livraisons dans les zones \u00e0 l&rsquo;ext\u00e9rieur de notre r\u00e9gion d&rsquo;activit\u00e9 seront effectu\u00e9es par le transporteur Planzer, au prix mentionn\u00e9s lors de la commande et pour un <strong>poids total de 30kg<\/strong> <strong>maximum<\/strong>. Le d\u00e9lai de livraison est de 1 \u00e0 3 jours ouvrables, celui-ci peut varier en fonction de la disponibilit\u00e9 des produits command\u00e9s.<\/p>\n\n\n\n<p class=\"has-black-color has-text-color has-link-color wp-elements-29cc910cb06f3478ceb26f73a04119af\"><strong>Pour des raisons logistiques, aucun envoi \u00e0 l&rsquo;\u00e9tranger ne peut-\u00eatre effectu\u00e9.<\/strong><\/p>\n\n\n\n<p class=\"has-text-align-left\">&nbsp;<\/p>\n\n\n\n<p><\/p>","protected":false},"excerpt":{"rendered":"<p>Nos conditions de livraison pour toute commande sur notre boutique en ligne<\/p>","protected":false},"author":2,"featured_media":0,"parent":0,"menu_order":0,"comment_status":"closed","ping_status":"closed","template":"","meta":{"footnotes":""},"class_list":["post-17700","page","type-page","status-publish","hentry","_wholesalex wsx-wholesalex-product"],"_links":{"self":[{"href":"https:\/\/petitecave.ch\/de\/wp-json\/wp\/v2\/pages\/17700","targetHints":{"allow":["GET"]}}],"collection":[{"href":"https:\/\/petitecave.ch\/de\/wp-json\/wp\/v2\/pages"}],"about":[{"href":"https:\/\/petitecave.ch\/de\/wp-json\/wp\/v2\/types\/page"}],"author":[{"embeddable":true,"href":"https:\/\/petitecave.ch\/de\/wp-json\/wp\/v2\/users\/2"}],"replies":[{"embeddable":true,"href":"https:\/\/petitecave.ch\/de\/wp-json\/wp\/v2\/comments?post=17700"}],"version-history":[{"count":5,"href":"https:\/\/petitecave.ch\/de\/wp-json\/wp\/v2\/pages\/17700\/revisions"}],"predecessor-version":[{"id":18522,"href":"https:\/\/petitecave.ch\/de\/wp-json\/wp\/v2\/pages\/17700\/revisions\/18522"}],"wp:attachment":[{"href":"https:\/\/petitecave.ch\/de\/wp-json\/wp\/v2\/media?parent=17700"}],"curies":[{"name":"wp","href":"https:\/\/api.w.org\/{rel}","templated":true}]}}